{"id":20677,"date":"2023-12-11T10:09:49","date_gmt":"2023-12-11T10:09:49","guid":{"rendered":"https:\/\/aysegulzengin.av.tr\/?page_id=20677"},"modified":"2023-12-11T10:36:08","modified_gmt":"2023-12-11T10:36:08","slug":"online-ziyaretci-kisisel-verilerinin-islenmesine-iliskin-aydinlatma-formu","status":"publish","type":"page","link":"https:\/\/aysegulzengin.av.tr\/tr\/online-ziyaretci-kisisel-verilerinin-islenmesine-iliskin-aydinlatma-formu\/","title":{"rendered":"Online Ziyaret\u00e7i Ki\u015fisel Verilerinin \u0130\u015flenmesine \u0130li\u015fkin Ayd\u0131nlatma Formu"},"content":{"rendered":"\t\t<div data-elementor-type=\"wp-page\" data-elementor-id=\"20677\" class=\"elementor elementor-20677\">\n\t\t\t\t\t\t\t\t\t<section class=\"elementor-section elementor-top-section elementor-element elementor-element-7304274 elementor-section-content-middle elementor-section-boxed elementor-section-height-default elementor-section-height-default sc_fly_static\" data-id=\"7304274\" data-element_type=\"section\" data-settings=\"{&quot;background_background&quot;:&quot;classic&quot;}\">\n\t\t\t\t\t\t<div class=\"elementor-container elementor-column-gap-extended\">\n\t\t\t\t\t<div class=\"elementor-column elementor-col-100 elementor-top-column elementor-element elementor-element-8789c02 sc_inner_width_none sc_content_align_inherit sc_layouts_column_icons_position_left sc_fly_static\" data-id=\"8789c02\" data-element_type=\"column\">\n\t\t\t<div class=\"elementor-widget-wrap elementor-element-populated\">\n\t\t\t\t\t\t\t\t<div class=\"elementor-element elementor-element-57bb839 sc_fly_static elementor-widget elementor-widget-text-editor\" data-id=\"57bb839\" data-element_type=\"widget\" data-widget_type=\"text-editor.default\">\n\t\t\t\t<div class=\"elementor-widget-container\">\n\t\t\t\t\t\t\tONL\u0130NE Z\u0130YARET\u00c7\u0130 K\u0130\u015e\u0130SEL VER\u0130LER\u0130N\u0130N \u0130\u015eLENMES\u0130NE \u0130L\u0130\u015eK\u0130N AYDINLATMA FORMU\t\t\t\t\t\t<\/div>\n\t\t\t\t<\/div>\n\t\t\t\t<div class=\"elementor-element elementor-element-fa47612 sc_fly_static elementor-widget elementor-widget-spacer\" data-id=\"fa47612\" data-element_type=\"widget\" data-widget_type=\"spacer.default\">\n\t\t\t\t<div class=\"elementor-widget-container\">\n\t\t\t\t\t<div class=\"elementor-spacer\">\n\t\t\t<div class=\"elementor-spacer-inner\"><\/div>\n\t\t<\/div>\n\t\t\t\t<\/div>\n\t\t\t\t<\/div>\n\t\t\t\t<div class=\"elementor-element elementor-element-d2f6683 sc_fly_static elementor-widget elementor-widget-text-editor\" data-id=\"d2f6683\" data-element_type=\"widget\" data-widget_type=\"text-editor.default\">\n\t\t\t\t<div class=\"elementor-widget-container\">\n\t\t\t\t\t\t\t<p>De\u011ferli Ziyaret\u00e7imiz,<\/p><p><a href=\"https:\/\/aysegulzengin.av.tr\">https:\/\/aysegulzengin.av.tr <\/a>adresini ziyaretiniz s\u0131ras\u0131nda doldurmu\u015f oldu\u011funuz ileti\u015fim formu ile taraf\u0131n\u0131za ait ad\u0131n\u0131z, soyad\u0131n\u0131z, e-posta adresiniz, telefon numaran\u0131z ve mesaj\u0131n\u0131z i\u00e7eri\u011finde yer alan ki\u015fisel verileriniz kaydedilmektedir.<\/p><p>Taraf\u0131n\u0131za ait ki\u015fisel veriler, ilgili g\u00fcvenlik prosed\u00fcrleri, g\u00fcnl\u00fck ziyaret\u00e7i say\u0131s\u0131 ve profilinin belirlenmesi, hizmet kalitesinin takibi, taraf\u0131m\u0131zdan talep etmi\u015f oldu\u011funuz bilgi, belge ve operasyonel faaliyetlerinin yerine getirilmesi, ziyaret\u00e7ilerimize ba\u015fvuru ve\/veya di\u011fer sebeplerle geri d\u00f6n\u00fc\u015f sa\u011flanabilmesi amac\u0131 ile kaydedilmektedir.<\/p><p>Yukar\u0131da say\u0131lan ama\u00e7larla edinilen ki\u015fisel verileriniz, i\u015flendikleri ama\u00e7la ba\u011flant\u0131l\u0131 ve s\u0131n\u0131rl\u0131 olarak taraf\u0131m\u0131zca kaydedilmekte ve muhafaza edilmektedir. Taraf\u0131n\u0131za ait ki\u015fisel verileriniz, yukar\u0131da belirtilen ama\u00e7lar\u0131n yerine getirilebilmesi i\u00e7in yaz\u0131l\u0131m hizmetleri ve di\u011fer d\u0131\u015f kaynak hizmet sa\u011flay\u0131c\u0131lar\u0131, bar\u0131nd\u0131rma hizmet sa\u011flay\u0131c\u0131lar\u0131 (hosting servisleri), talep ya da mesaj\u0131n\u0131za ili\u015fkin y\u00fck\u00fcml\u00fcl\u00fcklerimizin yerine getirilmesi ve g\u00fcvenlik sebebi ile ve\/veya resmi merci ve makamlar\u0131n talebi \u00fczerine ilgili ki\u015fi ve kurumlarla payla\u015f\u0131labilir, aktar\u0131labilir ya da a\u00e7\u0131klanabilir. Taraf\u0131n\u0131za ait yukar\u0131da belirtilen ki\u015fisel verileriniz \u015eirketimiz taraf\u0131ndan <a href=\"https:\/\/aysegulzengin.av.tr\">https:\/\/aysegulzengin.av.tr<\/a> adresinde yer alan online formu doldurman\u0131z ile otomatik yollarla i\u015flenecektir. Taraf\u0131n\u0131za ait ki\u015fisel verilerin i\u015flenmesi taraf\u0131n\u0131z\u0131n verece\u011fi a\u00e7\u0131k r\u0131za ile m\u00fcmk\u00fcn olacakt\u0131r.<br \/><br \/>Taraf\u0131n\u0131za ait ki\u015fisel veriler, i\u015flenme amac\u0131n\u0131n sona ermesinden sonra, saklanmas\u0131n\u0131 gerektiren ba\u015fka bir sebep olmamas\u0131 halinde silinecektir.<br \/><br \/>\u0130\u015fbu bilgilendirme, Ki\u015fisel Verilerin Korunmas\u0131 Kanunu gere\u011fince taraf\u0131n\u0131za ait ki\u015fisel verilerin i\u015flenmesi ve korunmas\u0131na ili\u015fkin taraf\u0131n\u0131z\u0131 bilgilendirme amac\u0131 ile haz\u0131rlanm\u0131\u015ft\u0131r.<\/p>\t\t\t\t\t\t<\/div>\n\t\t\t\t<\/div>\n\t\t\t\t<div class=\"elementor-element elementor-element-f2c2420 sc_height_small sc_fly_static elementor-widget elementor-widget-spacer\" data-id=\"f2c2420\" data-element_type=\"widget\" data-widget_type=\"spacer.default\">\n\t\t\t\t<div class=\"elementor-widget-container\">\n\t\t\t\t\t<div class=\"elementor-spacer\">\n\t\t\t<div class=\"elementor-spacer-inner\"><\/div>\n\t\t<\/div>\n\t\t\t\t<\/div>\n\t\t\t\t<\/div>\n\t\t\t\t\t<\/div>\n\t\t<\/div>\n\t\t\t\t\t\t\t<\/div>\n\t\t<\/section>\n\t\t\t\t\t\t\t<\/div>\n\t\t","protected":false},"excerpt":{"rendered":"<p>ONL\u0130NE Z\u0130YARET\u00c7\u0130 K\u0130\u015e\u0130SEL VER\u0130LER\u0130N\u0130N \u0130\u015eLENMES\u0130NE \u0130L\u0130\u015eK\u0130N AYDINLATMA FORMU De\u011ferli Ziyaret\u00e7imiz, https:\/\/aysegulzengin.av.tr adresini ziyaretiniz s\u0131ras\u0131nda doldurmu\u015f oldu\u011funuz ileti\u015fim formu ile taraf\u0131n\u0131za ait ad\u0131n\u0131z, soyad\u0131n\u0131z, e-posta adresiniz, telefon numaran\u0131z ve mesaj\u0131n\u0131z i\u00e7eri\u011finde&hellip;<\/p>\n","protected":false},"author":1,"featured_media":0,"parent":0,"menu_order":0,"comment_status":"closed","ping_status":"closed","template":"","meta":{"footnotes":""},"class_list":["post-20677","page","type-page","status-publish","hentry"],"_links":{"self":[{"href":"https:\/\/aysegulzengin.av.tr\/tr\/wp-json\/wp\/v2\/pages\/20677","targetHints":{"allow":["GET"]}}],"collection":[{"href":"https:\/\/aysegulzengin.av.tr\/tr\/wp-json\/wp\/v2\/pages"}],"about":[{"href":"https:\/\/aysegulzengin.av.tr\/tr\/wp-json\/wp\/v2\/types\/page"}],"author":[{"embeddable":true,"href":"https:\/\/aysegulzengin.av.tr\/tr\/wp-json\/wp\/v2\/users\/1"}],"replies":[{"embeddable":true,"href":"https:\/\/aysegulzengin.av.tr\/tr\/wp-json\/wp\/v2\/comments?post=20677"}],"version-history":[{"count":4,"href":"https:\/\/aysegulzengin.av.tr\/tr\/wp-json\/wp\/v2\/pages\/20677\/revisions"}],"predecessor-version":[{"id":20682,"href":"https:\/\/aysegulzengin.av.tr\/tr\/wp-json\/wp\/v2\/pages\/20677\/revisions\/20682"}],"wp:attachment":[{"href":"https:\/\/aysegulzengin.av.tr\/tr\/wp-json\/wp\/v2\/media?parent=20677"}],"curies":[{"name":"wp","href":"https:\/\/api.w.org\/{rel}","templated":true}]}}