{"id":20619,"date":"2023-12-07T13:31:57","date_gmt":"2023-12-07T13:31:57","guid":{"rendered":"https:\/\/aysegulzengin.av.tr\/?page_id=20619"},"modified":"2023-12-08T06:56:53","modified_gmt":"2023-12-08T06:56:53","slug":"cerez-politikasi","status":"publish","type":"page","link":"https:\/\/aysegulzengin.av.tr\/tr\/cerez-politikasi\/","title":{"rendered":"\u00c7erez Politikas\u0131"},"content":{"rendered":"\t\t<div data-elementor-type=\"wp-page\" data-elementor-id=\"20619\" class=\"elementor elementor-20619\">\n\t\t\t\t\t\t\t\t\t<section class=\"elementor-section elementor-top-section elementor-element elementor-element-7304274 elementor-section-content-middle elementor-section-boxed elementor-section-height-default elementor-section-height-default sc_fly_static\" data-id=\"7304274\" data-element_type=\"section\" data-settings=\"{&quot;background_background&quot;:&quot;classic&quot;}\">\n\t\t\t\t\t\t<div class=\"elementor-container elementor-column-gap-extended\">\n\t\t\t\t\t<div class=\"elementor-column elementor-col-100 elementor-top-column elementor-element elementor-element-8789c02 sc_inner_width_none sc_content_align_inherit sc_layouts_column_icons_position_left sc_fly_static\" data-id=\"8789c02\" data-element_type=\"column\">\n\t\t\t<div class=\"elementor-widget-wrap elementor-element-populated\">\n\t\t\t\t\t\t\t\t<div class=\"elementor-element elementor-element-57bb839 sc_fly_static elementor-widget elementor-widget-text-editor\" data-id=\"57bb839\" data-element_type=\"widget\" data-widget_type=\"text-editor.default\">\n\t\t\t\t<div class=\"elementor-widget-container\">\n\t\t\t\t\t\t\t<p><b>\u00c7EREZ(COOKIE) POL\u0130T\u0130KAMIZ<\/b><\/p>\t\t\t\t\t\t<\/div>\n\t\t\t\t<\/div>\n\t\t\t\t<div class=\"elementor-element elementor-element-fa47612 sc_fly_static elementor-widget elementor-widget-spacer\" data-id=\"fa47612\" data-element_type=\"widget\" data-widget_type=\"spacer.default\">\n\t\t\t\t<div class=\"elementor-widget-container\">\n\t\t\t\t\t<div class=\"elementor-spacer\">\n\t\t\t<div class=\"elementor-spacer-inner\"><\/div>\n\t\t<\/div>\n\t\t\t\t<\/div>\n\t\t\t\t<\/div>\n\t\t\t\t<div class=\"elementor-element elementor-element-cb14f41 sc_fly_static elementor-widget elementor-widget-image\" data-id=\"cb14f41\" data-element_type=\"widget\" data-widget_type=\"image.default\">\n\t\t\t\t<div class=\"elementor-widget-container\">\n\t\t\t\t\t\t\t\t\t\t\t\t\t\t\t<img loading=\"lazy\" decoding=\"async\" width=\"500\" height=\"19\" src=\"https:\/\/aysegulzengin.av.tr\/wp-content\/uploads\/2023\/10\/ut-brush-43.png\" class=\"attachment-large size-large wp-image-18451\" alt=\"\" srcset=\"https:\/\/aysegulzengin.av.tr\/wp-content\/uploads\/2023\/10\/ut-brush-43.png 500w, https:\/\/aysegulzengin.av.tr\/wp-content\/uploads\/2023\/10\/ut-brush-43-300x11.png 300w, https:\/\/aysegulzengin.av.tr\/wp-content\/uploads\/2023\/10\/ut-brush-43-370x14.png 370w, https:\/\/aysegulzengin.av.tr\/wp-content\/uploads\/2023\/10\/ut-brush-43-410x16.png 410w\" sizes=\"auto, (max-width: 600px) 100vw, 500px\" \/>\t\t\t\t\t\t\t\t\t\t\t\t\t\t\t<\/div>\n\t\t\t\t<\/div>\n\t\t\t\t<div class=\"elementor-element elementor-element-d266d49 sc_fly_static elementor-widget elementor-widget-spacer\" data-id=\"d266d49\" data-element_type=\"widget\" data-widget_type=\"spacer.default\">\n\t\t\t\t<div class=\"elementor-widget-container\">\n\t\t\t\t\t<div class=\"elementor-spacer\">\n\t\t\t<div class=\"elementor-spacer-inner\"><\/div>\n\t\t<\/div>\n\t\t\t\t<\/div>\n\t\t\t\t<\/div>\n\t\t\t\t<div class=\"elementor-element elementor-element-d2f6683 sc_fly_static elementor-widget elementor-widget-text-editor\" data-id=\"d2f6683\" data-element_type=\"widget\" data-widget_type=\"text-editor.default\">\n\t\t\t\t<div class=\"elementor-widget-container\">\n\t\t\t\t\t\t\t<p><a href=\"https:\/\/aysegulzengin.av.tr\/\">https:\/\/aysegulzengin.av.tr\/<\/a> internet sitesinin i&ccedil;erik sa\u011flay\u0131c\u0131s\u0131 ve veri sorumlusu s\u0131fat\u0131 ile&nbsp; AY\u015eEG&Uuml;L ZENG\u0130N olarak internet sitemizden en verimli \u015fekilde faydalanabilmeniz ve kullan\u0131c\u0131 deneyiminizi geli\u015ftirebilmek i&ccedil;in &Ccedil;erez(cookie) kullan\u0131yoruz. Ki\u015fisel verilerinizin i\u015flenmesi ile ilgili detayl\u0131 bilgiye&nbsp; Ki\u015fisel Veri Ayd\u0131nlatma Metni&rsquo;mizden ula\u015fabilirsiniz.<\/p>\n<p><strong>&Ccedil;erez Nedir ve Neden Kullan\u0131lmaktad\u0131r?<\/strong><\/p>\n<p>&Ccedil;erezler, ziyaret etti\u011finiz internet siteleri taraf\u0131ndan taray\u0131c\u0131lar arac\u0131l\u0131\u011f\u0131yla cihaz\u0131n\u0131za veya a\u011f sunucusuna depolanan k&uuml;&ccedil;&uuml;k metin dosyalar\u0131d\u0131r. \u0130nternet sitemizde &ccedil;erez kullan\u0131lmas\u0131n\u0131n amac\u0131, internet sitemizin i\u015flevselli\u011fini ve performans\u0131n\u0131 artt\u0131rarak sizlere sunulan hizmetleri geli\u015ftirmek, internet sitemiz &uuml;zerinden yeni &ouml;zellikler sunmak ve sunulan &ouml;zellikleri sizlerin tercihlerine g&ouml;re ki\u015fiselle\u015ftirmek, internet sitemizin ve sizin hukuki ve ticari g&uuml;venli\u011finin teminini sa\u011flamakt\u0131r.<\/p>\n<p><strong>\u0130nternet Sitemizde Kullan\u0131lan &Ccedil;erezler T&uuml;rleri<\/strong><\/p>\n<p><strong>Oturum &Ccedil;erezleri:<\/strong> Oturum &ccedil;erezleri ziyaret&ccedil;ilerimizin internet sitesini ziyaretleri s&uuml;resince kullan\u0131lan, taray\u0131c\u0131 kapat\u0131ld\u0131ktan sonra silinen ge&ccedil;ici &ccedil;erezlerdir. Bu t&uuml;r &ccedil;erezlerin kullan\u0131lmas\u0131n\u0131n temel amac\u0131 ziyaretiniz s&uuml;resince internet sitesinin d&uuml;zg&uuml;n bir bi&ccedil;imde &ccedil;al\u0131\u015fmas\u0131n\u0131n teminini sa\u011flamakt\u0131r. &Ouml;rne\u011fin; birden fazla sayfadan olu\u015fan &ccedil;evrimi&ccedil;i formlar\u0131 doldurman\u0131z sa\u011flanmaktad\u0131r.&nbsp;<\/p>\n<p><strong>Kal\u0131c\u0131 &Ccedil;erezler: <\/strong>Kal\u0131c\u0131 &ccedil;erezler internet sitesinin i\u015flevselli\u011fini art\u0131rmak, ziyaret&ccedil;ilerimize daha h\u0131zl\u0131 ve iyi bir hizmet sunmak amac\u0131yla kullan\u0131lan &ccedil;erez t&uuml;rleridir. Bu t&uuml;r &ccedil;erezler tercihlerinizi hat\u0131rlamak i&ccedil;in kullan\u0131l\u0131r ve taray\u0131c\u0131lar vas\u0131tas\u0131yla cihaz\u0131n\u0131zda depolan\u0131r.&nbsp; \u0130nternet sitesini kullan\u0131m amac\u0131n\u0131z gibi hususlar g&ouml;z &ouml;n&uuml;nde bulundurarak sizlere &ouml;zel &ouml;neriler sunulmas\u0131 i&ccedil;in kullan\u0131labilmektedir. Kal\u0131c\u0131 &ccedil;erezler sayesinde internet sitemizi ayn\u0131 cihazla tekrardan ziyaret etmeniz durumunda, cihaz\u0131n\u0131zda internet sitemiz taraf\u0131ndan olu\u015fturulmu\u015f bir &ccedil;erez olup olmad\u0131\u011f\u0131 kontrol edilir ve var ise, sizin siteyi daha &ouml;nce ziyaret etti\u011finiz anla\u015f\u0131l\u0131r ve size iletilecek i&ccedil;erik bu do\u011frultuda belirlenir.&nbsp;&nbsp;<\/p>\n<p><strong>Birinci Taraf &Ccedil;erezleri: <\/strong>Web sitemize taraf\u0131m\u0131zca yerle\u015ftirilen web sitesinin &ccedil;al\u0131\u015fmas\u0131, analiz veya pazarlama amac\u0131 ile kullan\u0131lan &ccedil;erezlerdir.&nbsp;<\/p>\n<p><strong>&Uuml;&ccedil;&uuml;nc&uuml; Taraf &Ccedil;erezleri:<\/strong> Web sitemizde analiz ve pazarlama &ccedil;al\u0131\u015fmalar\u0131 sebebi ile hizmet al\u0131nan uygulamalar taraf\u0131ndan web sitemize yerle\u015ftirilen &ccedil;erezlerdir. Web sitemizde bulunan &uuml;&ccedil;&uuml;nc&uuml; taraf &ccedil;erezleri yolu ile toplanan ki\u015fisel verileriniz ve detayl\u0131 bilgi i&ccedil;in:<\/p>\n<p>Google &Ccedil;erez Politikas\u0131- <a href=\"https:\/\/policies.google.com\/technologies\/cookies?hl=tr\">https:\/\/policies.google.com\/technologies\/cookies?hl=tr<\/a>&nbsp;<\/p>\n<p><strong>\u0130nternet Sitemizde Kullan\u0131lan &Ccedil;erezlerin Kategorileri<\/strong><\/p>\n<p><strong>Zorunlu(Teknik) &Ccedil;erezler:<\/strong> Teknik &ccedil;erezler ile internet sitesinin &ccedil;al\u0131\u015fmas\u0131 sa\u011flanmakta, internet sitesinin &ccedil;al\u0131\u015fmayan sayfalar\u0131 ve alanlar\u0131 tespit edilmektedir.&nbsp;<\/p>\n<p><strong>\u0130nternet sitemizde kullan\u0131lan zorunlu &ccedil;erezler:<\/strong><\/p>\n<table>\n<tbody>\n<tr>\n<td style=\"text-align: center;\">\n<p><strong>&Ccedil;erez<\/strong><\/p>\n<\/td>\n<td style=\"text-align: center;\">\n<p><strong>Sa\u011flay\u0131c\u0131<\/strong><\/p>\n<\/td>\n<td style=\"text-align: center;\">\n<p><strong>&Ccedil;erez Tipi<\/strong><\/p>\n<\/td>\n<td style=\"text-align: center;\">\n<p><strong>Saklama S&uuml;resi<\/strong><\/p>\n<\/td>\n<td style=\"text-align: center;\">\n<p><strong>Kullan\u0131m Amac\u0131<\/strong><\/p>\n<\/td>\n<\/tr>\n<tr>\n<td style=\"text-align: center;\">\n<p>_GRECAPTCHA<\/p>\n<\/td>\n<td style=\"text-align: center;\">\n<p>www.google.com<\/p>\n<\/td>\n<td style=\"text-align: center;\">\n<p>&Uuml;&ccedil;&uuml;nc&uuml; Parti<\/p>\n<\/td>\n<td style=\"text-align: center;\">\n<p>6 ay<\/p>\n<\/td>\n<td style=\"text-align: center;\">\n<p>Risk analizi yapmak amac\u0131 ile kullan\u0131l\u0131r.<\/p>\n<\/td>\n<\/tr>\n<tr>\n<td style=\"text-align: center;\">\n<p>PHPSESSID<\/p>\n<\/td>\n<td style=\"text-align: center;\">\n<p>aysegulzengin.av.tr<\/p>\n<\/td>\n<td style=\"text-align: center;\">\n<p>Birinci Parti<\/p>\n<\/td>\n<td style=\"text-align: center;\">\n<p>Oturum S&uuml;resince<\/p>\n<\/td>\n<td style=\"text-align: center;\">\n<p>Kullan\u0131c\u0131n\u0131n siteyi aktif ve etkin olarak kullanabilmesini sa\u011flamak amac\u0131 ile kullan\u0131l\u0131r.&nbsp;<\/p>\n<\/td>\n<\/tr>\n<\/tbody>\n<\/table>\n<p><strong>\u0130\u015flevsellik &Ccedil;erezleri: <\/strong>Tercih &ccedil;erezleri kullan\u0131m tercihlerinizi hat\u0131rlayan &ccedil;erezlerdir. \u0130\u015flevsellik &ccedil;erezlerini kabul ederek internet sitemizin tercihleriniz do\u011frultusunda &ccedil;al\u0131\u015fmas\u0131 i&ccedil;in gerekli &ouml;zellikleri kullanabilirsiniz. Bu &ccedil;erezlerden bir k\u0131sm\u0131n\u0131n sa\u011flay\u0131c\u0131lar\u0131 yurt d\u0131\u015f\u0131nda bulunmaktad\u0131r. Bu &ccedil;erezlerin kullan\u0131m\u0131n\u0131 etkinle\u015ftirmeniz halinde &ccedil;erezler arac\u0131l\u0131\u011f\u0131yla i\u015flenen ki\u015fisel verileriniz yurt d\u0131\u015f\u0131na aktar\u0131lacakt\u0131r.&nbsp;<\/p>\n<p><strong>\u0130nternet sitemizde kullan\u0131lan i\u015flevsellik &ccedil;erezleri:<\/strong><\/p>\n<table>\n<tbody>\n<tr>\n<td style=\"text-align: center;\">\n<p><strong>&Ccedil;erez<\/strong><\/p>\n<\/td>\n<td style=\"text-align: center;\">\n<p><strong>Sa\u011flay\u0131c\u0131<\/strong><\/p>\n<\/td>\n<td style=\"text-align: center;\">\n<p><strong>&Ccedil;erez Tipi<\/strong><\/p>\n<\/td>\n<td style=\"text-align: center;\">\n<p><strong>Saklama S&uuml;resi<\/strong><\/p>\n<\/td>\n<td style=\"text-align: center;\">\n<p><strong>Kullan\u0131m Amac\u0131<\/strong><\/p>\n<\/td>\n<\/tr>\n<tr>\n<td style=\"text-align: center;\">\n<p>wp-wpml_current_language<\/p>\n<\/td>\n<td style=\"text-align: center;\">\n<p>aysegulzengin.av.tr<\/p>\n<\/td>\n<td style=\"text-align: center;\">\n<p>Birinci Parti<\/p>\n<\/td>\n<td style=\"text-align: center;\">\n<p>Oturum S&uuml;resince<\/p>\n<\/td>\n<td style=\"text-align: center;\">\n<p>Ge&ccedil;erli dili saklar. Varsay\u0131lan olarak bu &ccedil;erez yaln\u0131zca oturum a&ccedil;m\u0131\u015f kullan\u0131c\u0131lar i&ccedil;in ayarlan\u0131r.<\/p>\n<\/td>\n<\/tr>\n<\/tbody>\n<\/table>\n<p><strong>Analitik(Performans) &Ccedil;erezleri:<\/strong> Analitik &ccedil;erezler ile internet sitesini ziyaret edenlerin say\u0131lar\u0131, internet sitesinde g&ouml;r&uuml;nt&uuml;lenen sayfalar\u0131n tespiti, internet sitesi ziyaret saatleri, internet sitesi sayfalar\u0131 kayd\u0131rma hareketleri gibi analitik sonu&ccedil;lar\u0131n &uuml;retimini sa\u011flayan &ccedil;erezlerdir.&nbsp;<br \/><br \/><strong>\u0130nternet sitemizde kullan\u0131lan analitik(performans) &ccedil;erezleri:<\/strong><\/p>\n<table>\n<tbody>\n<tr>\n<td style=\"text-align: center;\">\n<p><strong>&Ccedil;erez<\/strong><\/p>\n<\/td>\n<td style=\"text-align: center;\">\n<p><strong>Sa\u011flay\u0131c\u0131<\/strong><\/p>\n<\/td>\n<td style=\"text-align: center;\">\n<p><strong>&Ccedil;erez Tipi<\/strong><\/p>\n<\/td>\n<td style=\"text-align: center;\">\n<p><strong>Saklama S&uuml;resi<\/strong><\/p>\n<\/td>\n<td style=\"text-align: center;\">\n<p><strong>Kullan\u0131m Amac\u0131<\/strong><\/p>\n<\/td>\n<\/tr>\n<tr>\n<td style=\"text-align: center;\">\n<p>_ga_24FJ15DX7S<\/p>\n<\/td>\n<td style=\"text-align: center;\">\n<p>aysegulzengin.av.tr<\/p>\n<\/td>\n<td style=\"text-align: center;\">\n<p>Birinci Parti<\/p>\n<\/td>\n<td style=\"text-align: center;\">\n<p>1 y\u0131l, 1 ay<\/p>\n<\/td>\n<td style=\"text-align: center;\">\n<p>Google Analytics taraf\u0131ndan oturum durumunu kal\u0131c\u0131 k\u0131lmak i&ccedil;in kullan\u0131l\u0131r.<\/p>\n<\/td>\n<\/tr>\n<tr>\n<td style=\"text-align: center;\">\n<p>_ga<\/p>\n<\/td>\n<td style=\"text-align: center;\">\n<p>aysegulzengin.av.tr<\/p>\n<\/td>\n<td style=\"text-align: center;\">\n<p>Birinci Parti<\/p>\n<\/td>\n<td style=\"text-align: center;\">\n<p>1 y\u0131l, 1 ay<\/p>\n<\/td>\n<td style=\"text-align: center;\">\n<p>Sitedeki her sayfa iste\u011fine dahil edilir ve site analiz raporlar\u0131na y&ouml;nelik ziyaret&ccedil;i, oturum ve kampanya verilerini hesaplamak i&ccedil;in kullan\u0131l\u0131r.<\/p>\n<\/td>\n<\/tr>\n<tr>\n<td style=\"text-align: center;\">\n<p>_gid<\/p>\n<\/td>\n<td style=\"text-align: center;\">\n<p>aysegulzengin.av.tr<\/p>\n<\/td>\n<td style=\"text-align: center;\">\n<p>Birinci Parti<\/p>\n<\/td>\n<td style=\"text-align: center;\">\n<p>1 g&uuml;n<\/p>\n<\/td>\n<td style=\"text-align: center;\">\n<p>Sitedeki sayfa g&ouml;r&uuml;nt&uuml;lemelerini saymak ve izlemek i&ccedil;in kullan\u0131l\u0131r.<\/p>\n<\/td>\n<\/tr>\n<\/tbody>\n<\/table>\n<p><strong>Pazarlama &Ccedil;erezleri:<\/strong> Pazarlama &ccedil;erezleri, ziyaret&ccedil;ilerin ilgili alanlar\u0131na g&ouml;re ki\u015fiselle\u015ftirilmi\u015f kampanya ve reklamlar\u0131n g&ouml;sterilmesi sa\u011flan\u0131r. \u0130nternet sitemizde kullan\u0131lan pazarlama &ccedil;erezleri ve kullan\u0131m ama&ccedil;lar\u0131 \u015fu \u015fekildedir:<\/p>\n<p><strong>\u0130nternet sitemizde kullan\u0131lan pazarlama &ccedil;erezleri:<\/strong><\/p>\n<table>\n<tbody>\n<tr>\n<td style=\"text-align: center;\">\n<p><strong>&Ccedil;erez<\/strong><\/p>\n<\/td>\n<td style=\"text-align: center;\">\n<p><strong>Sa\u011flay\u0131c\u0131<\/strong><\/p>\n<\/td>\n<td style=\"text-align: center;\">\n<p><strong>&Ccedil;erez Tipi<\/strong><\/p>\n<\/td>\n<td style=\"text-align: center;\">\n<p><strong>Saklama S&uuml;resi<\/strong><\/p>\n<\/td>\n<td style=\"text-align: center;\">\n<p><strong>Kullan\u0131m Amac\u0131<\/strong><\/p>\n<\/td>\n<\/tr>\n<tr>\n<td style=\"text-align: center;\">\n<p>_gat_gtag_UA_136699699_1<\/p>\n<\/td>\n<td style=\"text-align: center;\">\n<p>aysegulzengin.av.tr<\/p>\n<\/td>\n<td style=\"text-align: center;\">\n<p>Birinci Parti<\/p>\n<\/td>\n<td style=\"text-align: center;\">\n<p>56 saniye<\/p>\n<\/td>\n<td style=\"text-align: center;\">\n<p>Bu &ccedil;erez Google Analytics&#8217;in bir par&ccedil;as\u0131d\u0131r ve istekleri s\u0131n\u0131rlamak i&ccedil;in kullan\u0131l\u0131r (istek oran\u0131n\u0131 k\u0131smak)<\/p>\n<\/td>\n<\/tr>\n<\/tbody>\n<\/table>\n<p><strong>&Ccedil;erezlerin Kullan\u0131m\u0131 Veri Sahipleri Taraf\u0131ndan Engellenebilir mi?<\/strong><\/p>\n<p>\u0130nternet sitemizi kullan\u0131rken belirledi\u011finiz &ccedil;erez ayarlar\u0131n\u0131 web sitemizde diledi\u011finiz zaman de\u011fi\u015ftirebilirsiniz.&nbsp;<\/p>\n<p>Ayr\u0131ca, taray\u0131c\u0131n\u0131z\u0131n ayarlar\u0131n\u0131 de\u011fi\u015ftirerek &ccedil;erezlere ili\u015fkin tercihlerinizi ki\u015fiselle\u015ftirme imkan\u0131na sahipsiniz.<\/p>\n<p>Adobe Analytics http:\/\/www.adobe.com\/uk\/privacy\/opt-out.html AOL <a href=\"https:\/\/help.aol.com\/articles\/restore-security-settings-and-enable-cookie-settings-on-browser\">https:\/\/help.aol.com\/articles\/restore-security-settings-and-enable-cookie-settings-on-browser<\/a>&nbsp;<\/p>\n<p>Google Adwords <a href=\"https:\/\/support.google.com\/ads\/answer\/2662922?hl=en\">https:\/\/support.google.com\/ads\/answer\/2662922?hl=en<\/a>&nbsp;<\/p>\n<p>Google Analytics <a href=\"https:\/\/tools.google.com\/dlpage\/gaoptout\">https:\/\/tools.google.com\/dlpage\/gaoptout<\/a>&nbsp;<\/p>\n<p>GoogleChrome <a href=\"http:\/\/www.google.com\/support\/chrome\/bin\/answer.py?hl=en&amp;answer=95647\">http:\/\/www.google.com\/support\/chrome\/bin\/answer.py?hl=en&amp;answer=95647<\/a>&nbsp;<\/p>\n<p>MozillaFirefox <a href=\"http:\/\/support.mozilla.com\/en-US\/kb\/Cookies\">http:\/\/support.mozilla.com\/en-US\/kb\/Cookies<\/a>&nbsp;<\/p>\n<p>Opera <a href=\"http:\/\/www.opera.com\/browser\/tutorials\/security\/privacy\/\">http:\/\/www.opera.com\/browser\/tutorials\/security\/privacy\/<\/a>&nbsp;<\/p>\n<p>Safari <a href=\"https:\/\/support.apple.com\/kb\/ph19214?locale=tr_TR\">https:\/\/support.apple.com\/kb\/ph19214?locale=tr_TR<\/a>&nbsp;<\/p>\t\t\t\t\t\t<\/div>\n\t\t\t\t<\/div>\n\t\t\t\t\t<\/div>\n\t\t<\/div>\n\t\t\t\t\t\t\t<\/div>\n\t\t<\/section>\n\t\t\t\t\t\t\t<\/div>\n\t\t","protected":false},"excerpt":{"rendered":"<p>\u00c7EREZ(COOKIE) POL\u0130T\u0130KAMIZ https:\/\/aysegulzengin.av.tr\/ internet sitesinin i&ccedil;erik sa\u011flay\u0131c\u0131s\u0131 ve veri sorumlusu s\u0131fat\u0131 ile&nbsp; AY\u015eEG&Uuml;L ZENG\u0130N olarak internet sitemizden en verimli \u015fekilde faydalanabilmeniz ve kullan\u0131c\u0131 deneyiminizi geli\u015ftirebilmek i&ccedil;in &Ccedil;erez(cookie) kullan\u0131yoruz. Ki\u015fisel verilerinizin&hellip;<\/p>\n","protected":false},"author":1,"featured_media":0,"parent":0,"menu_order":0,"comment_status":"closed","ping_status":"closed","template":"","meta":{"footnotes":""},"class_list":["post-20619","page","type-page","status-publish","hentry"],"_links":{"self":[{"href":"https:\/\/aysegulzengin.av.tr\/tr\/wp-json\/wp\/v2\/pages\/20619","targetHints":{"allow":["GET"]}}],"collection":[{"href":"https:\/\/aysegulzengin.av.tr\/tr\/wp-json\/wp\/v2\/pages"}],"about":[{"href":"https:\/\/aysegulzengin.av.tr\/tr\/wp-json\/wp\/v2\/types\/page"}],"author":[{"embeddable":true,"href":"https:\/\/aysegulzengin.av.tr\/tr\/wp-json\/wp\/v2\/users\/1"}],"replies":[{"embeddable":true,"href":"https:\/\/aysegulzengin.av.tr\/tr\/wp-json\/wp\/v2\/comments?post=20619"}],"version-history":[{"count":8,"href":"https:\/\/aysegulzengin.av.tr\/tr\/wp-json\/wp\/v2\/pages\/20619\/revisions"}],"predecessor-version":[{"id":20804,"href":"https:\/\/aysegulzengin.av.tr\/tr\/wp-json\/wp\/v2\/pages\/20619\/revisions\/20804"}],"wp:attachment":[{"href":"https:\/\/aysegulzengin.av.tr\/tr\/wp-json\/wp\/v2\/media?parent=20619"}],"curies":[{"name":"wp","href":"https:\/\/api.w.org\/{rel}","templated":true}]}}