{"id":19432,"date":"2023-11-08T13:42:09","date_gmt":"2023-11-08T13:42:09","guid":{"rendered":"http:\/\/v3.aysegulzengin.av.tr\/?page_id=19432"},"modified":"2023-11-15T11:27:22","modified_gmt":"2023-11-15T11:27:22","slug":"kisisel-verilerin-korunmasi","status":"publish","type":"page","link":"https:\/\/aysegulzengin.av.tr\/tr\/kisisel-verilerin-korunmasi\/","title":{"rendered":"Ki\u015fisel Verilerin Korunmas\u0131"},"content":{"rendered":"\t\t<div data-elementor-type=\"wp-page\" data-elementor-id=\"19432\" class=\"elementor elementor-19432\">\n\t\t\t\t\t\t\t\t\t<section class=\"elementor-section elementor-top-section elementor-element elementor-element-7304274 elementor-section-content-middle elementor-section-boxed elementor-section-height-default elementor-section-height-default sc_fly_static\" data-id=\"7304274\" data-element_type=\"section\" data-settings=\"{&quot;background_background&quot;:&quot;classic&quot;}\">\n\t\t\t\t\t\t<div class=\"elementor-container elementor-column-gap-extended\">\n\t\t\t\t\t<div class=\"elementor-column elementor-col-100 elementor-top-column elementor-element elementor-element-8789c02 sc_inner_width_none sc_content_align_inherit sc_layouts_column_icons_position_left sc_fly_static\" data-id=\"8789c02\" data-element_type=\"column\">\n\t\t\t<div class=\"elementor-widget-wrap elementor-element-populated\">\n\t\t\t\t\t\t\t\t<div class=\"elementor-element elementor-element-d8c6666 sc_fly_static elementor-widget elementor-widget-text-editor\" data-id=\"d8c6666\" data-element_type=\"widget\" data-widget_type=\"text-editor.default\">\n\t\t\t\t<div class=\"elementor-widget-container\">\n\t\t\t\t\t\t\tK\u0130\u015e\u0130SEL VER\u0130LER\u0130N KORUNMASI HUKUKU\t\t\t\t\t\t<\/div>\n\t\t\t\t<\/div>\n\t\t\t\t<div class=\"elementor-element elementor-element-fa47612 sc_fly_static elementor-widget elementor-widget-spacer\" data-id=\"fa47612\" data-element_type=\"widget\" data-widget_type=\"spacer.default\">\n\t\t\t\t<div class=\"elementor-widget-container\">\n\t\t\t\t\t<div class=\"elementor-spacer\">\n\t\t\t<div class=\"elementor-spacer-inner\"><\/div>\n\t\t<\/div>\n\t\t\t\t<\/div>\n\t\t\t\t<\/div>\n\t\t\t\t<section class=\"elementor-section elementor-inner-section elementor-element elementor-element-648317f elementor-section-boxed elementor-section-height-default elementor-section-height-default sc_fly_static\" data-id=\"648317f\" data-element_type=\"section\">\n\t\t\t\t\t\t<div class=\"elementor-container elementor-column-gap-extended\">\n\t\t\t\t\t<div class=\"elementor-column elementor-col-50 elementor-inner-column elementor-element elementor-element-1291a99 sc_inner_width_none sc_content_align_inherit sc_layouts_column_icons_position_left animation_type_block sc_fly_static elementor-invisible\" data-id=\"1291a99\" data-element_type=\"column\" data-settings=\"{&quot;animation&quot;:&quot;fadeInLeft&quot;}\">\n\t\t\t<div class=\"elementor-widget-wrap elementor-element-populated\">\n\t\t\t\t\t\t\t\t<div class=\"elementor-element elementor-element-3fbdc3b sc_fly_static elementor-widget elementor-widget-text-editor\" data-id=\"3fbdc3b\" data-element_type=\"widget\" data-widget_type=\"text-editor.default\">\n\t\t\t\t<div class=\"elementor-widget-container\">\n\t\t\t\t\t\t\t<h5><strong>Ki\u015fisel Verilerin Korunmas\u0131 Hukuku Gere\u011fince Sahip Oldu\u011fum Y\u00fck\u00fcml\u00fcl\u00fckler Nelerdir?<\/strong><\/h5>\t\t\t\t\t\t<\/div>\n\t\t\t\t<\/div>\n\t\t\t\t<div class=\"elementor-element elementor-element-78c4f13 sc_fly_static elementor-widget elementor-widget-spacer\" data-id=\"78c4f13\" data-element_type=\"widget\" data-widget_type=\"spacer.default\">\n\t\t\t\t<div class=\"elementor-widget-container\">\n\t\t\t\t\t<div class=\"elementor-spacer\">\n\t\t\t<div class=\"elementor-spacer-inner\"><\/div>\n\t\t<\/div>\n\t\t\t\t<\/div>\n\t\t\t\t<\/div>\n\t\t\t\t<div class=\"elementor-element elementor-element-d2f6683 sc_fly_static elementor-widget elementor-widget-text-editor\" data-id=\"d2f6683\" data-element_type=\"widget\" data-widget_type=\"text-editor.default\">\n\t\t\t\t<div class=\"elementor-widget-container\">\n\t\t\t\t\t\t\t\nKi\u015fisel veri koruma hukuku d\u00fczenlemeleri veri sorumlular\u0131 i\u00e7in bir tak\u0131m y\u00fck\u00fcml\u00fcl\u00fckler getirmi\u015ftir. Genel olarak ayd\u0131nlatma y\u00fck\u00fcml\u00fcl\u00fc\u011f\u00fc, veri g\u00fcvenli\u011fi, kurul kararlar\u0131na uyma ve kay\u0131t y\u00fck\u00fcml\u00fcl\u00fc\u011f\u00fc olarak s\u0131n\u0131flanan bu y\u00fck\u00fcml\u00fcl\u00fcklerin i\u00e7erikleri veri sorumlusuna g\u00f6re de\u011fi\u015fmektedir.\nBu s\u00fcre\u00e7te veri sorumlular\u0131n\u0131n sekt\u00f6rel ve i\u015f modeli \u00f6zelinde analizi yap\u0131larak ki\u015fisel veri koruma hukuku gere\u011fince uymas\u0131 gereken y\u00fck\u00fcml\u00fcl\u00fckler proje bazl\u0131 olarak sa\u011flanmaktad\u0131r. E\u011fitim \u00e7al\u0131\u015fmalar\u0131 ve dok\u00fcmanlar ile desteklenen bu s\u00fcrecin sonunda veri sorumlusunun y\u00fck\u00fcml\u00fcl\u00fckleri belirlenerek d\u00f6k\u00fcmanlar ve politikalar ile s\u00fcre\u00e7 tamamlanmaktad\u0131r.\t\t\t\t\t\t<\/div>\n\t\t\t\t<\/div>\n\t\t\t\t<div class=\"elementor-element elementor-element-afbc10b sc_fly_static elementor-widget elementor-widget-spacer\" data-id=\"afbc10b\" data-element_type=\"widget\" data-widget_type=\"spacer.default\">\n\t\t\t\t<div class=\"elementor-widget-container\">\n\t\t\t\t\t<div class=\"elementor-spacer\">\n\t\t\t<div class=\"elementor-spacer-inner\"><\/div>\n\t\t<\/div>\n\t\t\t\t<\/div>\n\t\t\t\t<\/div>\n\t\t\t\t\t<\/div>\n\t\t<\/div>\n\t\t\t\t<div class=\"elementor-column elementor-col-50 elementor-inner-column elementor-element elementor-element-c8157a3 sc_inner_width_none sc_content_align_inherit sc_layouts_column_icons_position_left animation_type_block sc_fly_static elementor-invisible\" data-id=\"c8157a3\" data-element_type=\"column\" data-settings=\"{&quot;animation&quot;:&quot;fadeInRight&quot;}\">\n\t\t\t<div class=\"elementor-widget-wrap elementor-element-populated\">\n\t\t\t\t\t\t\t\t<div class=\"elementor-element elementor-element-d43b473 sc_fly_static elementor-widget elementor-widget-image\" data-id=\"d43b473\" data-element_type=\"widget\" data-widget_type=\"image.default\">\n\t\t\t\t<div class=\"elementor-widget-container\">\n\t\t\t\t\t\t\t\t\t\t\t\t\t\t\t<img loading=\"lazy\" decoding=\"async\" width=\"1024\" height=\"684\" src=\"https:\/\/aysegulzengin.av.tr\/wp-content\/uploads\/2023\/11\/cto-1024x684.jpg\" class=\"attachment-large size-large wp-image-19377\" alt=\"\" srcset=\"https:\/\/aysegulzengin.av.tr\/wp-content\/uploads\/2023\/11\/cto-1024x684.jpg 1024w, https:\/\/aysegulzengin.av.tr\/wp-content\/uploads\/2023\/11\/cto-300x200.jpg 300w, https:\/\/aysegulzengin.av.tr\/wp-content\/uploads\/2023\/11\/cto-768x513.jpg 768w, https:\/\/aysegulzengin.av.tr\/wp-content\/uploads\/2023\/11\/cto-1536x1025.jpg 1536w, https:\/\/aysegulzengin.av.tr\/wp-content\/uploads\/2023\/11\/cto-370x247.jpg 370w, https:\/\/aysegulzengin.av.tr\/wp-content\/uploads\/2023\/11\/cto-840x561.jpg 840w, https:\/\/aysegulzengin.av.tr\/wp-content\/uploads\/2023\/11\/cto-410x274.jpg 410w, https:\/\/aysegulzengin.av.tr\/wp-content\/uploads\/2023\/11\/cto.jpg 2000w\" sizes=\"auto, (max-width: 1024px) 100vw, 1024px\" \/>\t\t\t\t\t\t\t\t\t\t\t\t\t\t\t<\/div>\n\t\t\t\t<\/div>\n\t\t\t\t\t<\/div>\n\t\t<\/div>\n\t\t\t\t\t\t\t<\/div>\n\t\t<\/section>\n\t\t\t\t\t<\/div>\n\t\t<\/div>\n\t\t\t\t\t\t\t<\/div>\n\t\t<\/section>\n\t\t\t\t<section class=\"elementor-section elementor-top-section elementor-element elementor-element-9e9ea6f elementor-section-content-middle elementor-section-boxed elementor-section-height-default elementor-section-height-default animation_type_block sc_fly_static elementor-invisible\" data-id=\"9e9ea6f\" data-element_type=\"section\" data-settings=\"{&quot;animation&quot;:&quot;fadeInUp&quot;}\">\n\t\t\t\t\t\t<div class=\"elementor-container elementor-column-gap-no\">\n\t\t\t\t\t<div class=\"elementor-column elementor-col-50 elementor-top-column elementor-element elementor-element-e011b13 sc_inner_width_none sc_content_align_inherit sc_layouts_column_icons_position_left sc_fly_static\" data-id=\"e011b13\" data-element_type=\"column\">\n\t\t\t<div class=\"elementor-widget-wrap elementor-element-populated\">\n\t\t\t\t\t\t\t\t<div class=\"elementor-element elementor-element-d0502b5 elementor-widget-divider--view-line sc_fly_static elementor-widget elementor-widget-divider\" data-id=\"d0502b5\" data-element_type=\"widget\" data-widget_type=\"divider.default\">\n\t\t\t\t<div class=\"elementor-widget-container\">\n\t\t\t\t\t<div class=\"elementor-divider\">\n\t\t\t<span class=\"elementor-divider-separator\">\n\t\t\t\t\t\t<\/span>\n\t\t<\/div>\n\t\t\t\t<\/div>\n\t\t\t\t<\/div>\n\t\t\t\t<div class=\"elementor-element elementor-element-ec7223b sc_fly_static elementor-widget elementor-widget-heading\" data-id=\"ec7223b\" data-element_type=\"widget\" data-widget_type=\"heading.default\">\n\t\t\t\t<div class=\"elementor-widget-container\">\n\t\t\t<h4 class=\"elementor-heading-title elementor-size-default\">Ki\u015fisel Veri Koruma Hukuku Gere\u011fince Haz\u0131rlamam Gereken Dok\u00fcmanlar Nelerdir?<\/h4>\t\t<\/div>\n\t\t\t\t<\/div>\n\t\t\t\t\t<\/div>\n\t\t<\/div>\n\t\t\t\t<div class=\"elementor-column elementor-col-50 elementor-top-column elementor-element elementor-element-8f04836 sc_inner_width_none sc_content_align_inherit sc_layouts_column_icons_position_left sc_fly_static\" data-id=\"8f04836\" data-element_type=\"column\">\n\t\t\t<div class=\"elementor-widget-wrap elementor-element-populated\">\n\t\t\t\t\t\t\t\t<div class=\"elementor-element elementor-element-13ee24e sc_fly_static elementor-widget elementor-widget-text-editor\" data-id=\"13ee24e\" data-element_type=\"widget\" data-widget_type=\"text-editor.default\">\n\t\t\t\t<div class=\"elementor-widget-container\">\n\t\t\t\t\t\t\t<p>Ki\u015fisel veri koruma hukuku gere\u011fince veri sorumlular\u0131n\u0131n ilgili ki\u015filerin ki\u015fisel verilerin i\u015flenmesi ile ilgili ayd\u0131nlatma ve gerekti\u011fi hallerde ilgili ki\u015filerin a\u00e7\u0131k r\u0131zalar\u0131n\u0131 alma y\u00fck\u00fcml\u00fcl\u00fc\u011f\u00fc bulunmaktad\u0131r. Bu y\u00fck\u00fcml\u00fcl\u00fcklerin yerine getirilmesi amac\u0131 ile haz\u0131rlad\u0131\u011f\u0131m\u0131z formlar\u0131n hukuka uygun olmas\u0131 i\u00e7in ki\u015fisel verinin nerede, hangi ama\u00e7 ve sebeplerle ne \u015fekilde i\u015flendi\u011finin tespiti b\u00fcy\u00fck \u00f6nem ta\u015f\u0131maktad\u0131r. Yine internet sitelerinde yer almas\u0131 gereken gizlilik politikalar\u0131,, \u00e7erez politikalar\u0131 ve di\u011fer formlar\u0131n da kurul kararlar\u0131 ve mevzuat\u0131na uygun olarak, alan\u0131nda uzman ki\u015filerce haz\u0131rlanmas\u0131 ileride do\u011fabilecek y\u00fcksek para cezalar\u0131nda \u00f6nleyici rol oynamaktad\u0131r.<\/p>\t\t\t\t\t\t<\/div>\n\t\t\t\t<\/div>\n\t\t\t\t<div class=\"elementor-element elementor-element-f0eeb0d sc_fly_static elementor-widget elementor-widget-spacer\" data-id=\"f0eeb0d\" data-element_type=\"widget\" data-widget_type=\"spacer.default\">\n\t\t\t\t<div class=\"elementor-widget-container\">\n\t\t\t\t\t<div class=\"elementor-spacer\">\n\t\t\t<div class=\"elementor-spacer-inner\"><\/div>\n\t\t<\/div>\n\t\t\t\t<\/div>\n\t\t\t\t<\/div>\n\t\t\t\t<div class=\"elementor-element elementor-element-c69a7e4 sc_fly_static elementor-widget elementor-widget-text-editor\" data-id=\"c69a7e4\" data-element_type=\"widget\" data-widget_type=\"text-editor.default\">\n\t\t\t\t<div class=\"elementor-widget-container\">\n\t\t\t\t\t\t\t<p><em><span style=\"color: #000000;\">\u0130htiyac\u0131n\u0131z olan ki\u015fisel veri koruma hukuku d\u00f6k\u00fcmanlar\u0131n\u0131n tespiti ve haz\u0131rlanmas\u0131 amac\u0131 ile i\u015f modeliniz ve \u015firketinizin \u00e7al\u0131\u015fma \u015fekli ile ilgili detayl\u0131 analiz yap\u0131yoruz. Analizden sonra ihtiyac\u0131n\u0131z olan formlar\u0131 bu alanda y\u0131llard\u0131r s\u00fcregelen tecr\u00fcbemiz \u0131\u015f\u0131\u011f\u0131nda haz\u0131rl\u0131yor ve kullan\u0131m \u015fekline ili\u015fkin detayl\u0131 bir bilgilendirme sunuyoruz.<\/span><\/em><\/p>\t\t\t\t\t\t<\/div>\n\t\t\t\t<\/div>\n\t\t\t\t<div class=\"elementor-element elementor-element-70dabe8 sc_fly_static elementor-widget elementor-widget-spacer\" data-id=\"70dabe8\" data-element_type=\"widget\" data-widget_type=\"spacer.default\">\n\t\t\t\t<div class=\"elementor-widget-container\">\n\t\t\t\t\t<div class=\"elementor-spacer\">\n\t\t\t<div class=\"elementor-spacer-inner\"><\/div>\n\t\t<\/div>\n\t\t\t\t<\/div>\n\t\t\t\t<\/div>\n\t\t\t\t\t<\/div>\n\t\t<\/div>\n\t\t\t\t\t\t\t<\/div>\n\t\t<\/section>\n\t\t\t\t\t\t\t<\/div>\n\t\t","protected":false},"excerpt":{"rendered":"<p>K\u0130\u015e\u0130SEL VER\u0130LER\u0130N KORUNMASI HUKUKU Ki\u015fisel Verilerin Korunmas\u0131 Hukuku Gere\u011fince Sahip Oldu\u011fum Y\u00fck\u00fcml\u00fcl\u00fckler Nelerdir? Ki\u015fisel veri koruma hukuku d\u00fczenlemeleri veri sorumlular\u0131 i\u00e7in bir tak\u0131m y\u00fck\u00fcml\u00fcl\u00fckler getirmi\u015ftir. Genel olarak ayd\u0131nlatma y\u00fck\u00fcml\u00fcl\u00fc\u011f\u00fc, veri&hellip;<\/p>\n","protected":false},"author":1,"featured_media":19453,"parent":0,"menu_order":0,"comment_status":"closed","ping_status":"closed","template":"","meta":{"footnotes":""},"class_list":["post-19432","page","type-page","status-publish","has-post-thumbnail","hentry"],"_links":{"self":[{"href":"https:\/\/aysegulzengin.av.tr\/tr\/wp-json\/wp\/v2\/pages\/19432","targetHints":{"allow":["GET"]}}],"collection":[{"href":"https:\/\/aysegulzengin.av.tr\/tr\/wp-json\/wp\/v2\/pages"}],"about":[{"href":"https:\/\/aysegulzengin.av.tr\/tr\/wp-json\/wp\/v2\/types\/page"}],"author":[{"embeddable":true,"href":"https:\/\/aysegulzengin.av.tr\/tr\/wp-json\/wp\/v2\/users\/1"}],"replies":[{"embeddable":true,"href":"https:\/\/aysegulzengin.av.tr\/tr\/wp-json\/wp\/v2\/comments?post=19432"}],"version-history":[{"count":25,"href":"https:\/\/aysegulzengin.av.tr\/tr\/wp-json\/wp\/v2\/pages\/19432\/revisions"}],"predecessor-version":[{"id":20115,"href":"https:\/\/aysegulzengin.av.tr\/tr\/wp-json\/wp\/v2\/pages\/19432\/revisions\/20115"}],"wp:featuredmedia":[{"embeddable":true,"href":"https:\/\/aysegulzengin.av.tr\/tr\/wp-json\/wp\/v2\/media\/19453"}],"wp:attachment":[{"href":"https:\/\/aysegulzengin.av.tr\/tr\/wp-json\/wp\/v2\/media?parent=19432"}],"curies":[{"name":"wp","href":"https:\/\/api.w.org\/{rel}","templated":true}]}}