{"id":19414,"date":"2023-11-08T13:36:12","date_gmt":"2023-11-08T13:36:12","guid":{"rendered":"http:\/\/v3.aysegulzengin.av.tr\/?page_id=19414"},"modified":"2023-11-15T11:25:46","modified_gmt":"2023-11-15T11:25:46","slug":"e-ticaret-hukuku","status":"publish","type":"page","link":"https:\/\/aysegulzengin.av.tr\/tr\/e-ticaret-hukuku\/","title":{"rendered":"E-Ticaret Hukuku"},"content":{"rendered":"\t\t<div data-elementor-type=\"wp-page\" data-elementor-id=\"19414\" class=\"elementor elementor-19414\">\n\t\t\t\t\t\t\t\t\t<section class=\"elementor-section elementor-top-section elementor-element elementor-element-7304274 elementor-section-content-middle elementor-section-boxed elementor-section-height-default elementor-section-height-default sc_fly_static\" data-id=\"7304274\" data-element_type=\"section\" data-settings=\"{&quot;background_background&quot;:&quot;classic&quot;}\">\n\t\t\t\t\t\t<div class=\"elementor-container elementor-column-gap-extended\">\n\t\t\t\t\t<div class=\"elementor-column elementor-col-50 elementor-top-column elementor-element elementor-element-8789c02 sc_inner_width_none sc_content_align_inherit sc_layouts_column_icons_position_left animation_type_block sc_fly_static elementor-invisible\" data-id=\"8789c02\" data-element_type=\"column\" data-settings=\"{&quot;animation&quot;:&quot;fadeInLeft&quot;}\">\n\t\t\t<div class=\"elementor-widget-wrap elementor-element-populated\">\n\t\t\t\t\t\t\t\t<div class=\"elementor-element elementor-element-a255653 sc_fly_static elementor-widget elementor-widget-text-editor\" data-id=\"a255653\" data-element_type=\"widget\" data-widget_type=\"text-editor.default\">\n\t\t\t\t<div class=\"elementor-widget-container\">\n\t\t\t\t\t\t\tE-T\u0130CARET HUKUKU\t\t\t\t\t\t<\/div>\n\t\t\t\t<\/div>\n\t\t\t\t<div class=\"elementor-element elementor-element-fa47612 sc_fly_static elementor-widget elementor-widget-spacer\" data-id=\"fa47612\" data-element_type=\"widget\" data-widget_type=\"spacer.default\">\n\t\t\t\t<div class=\"elementor-widget-container\">\n\t\t\t\t\t<div class=\"elementor-spacer\">\n\t\t\t<div class=\"elementor-spacer-inner\"><\/div>\n\t\t<\/div>\n\t\t\t\t<\/div>\n\t\t\t\t<\/div>\n\t\t\t\t<div class=\"elementor-element elementor-element-5832002 sc_fly_static elementor-widget elementor-widget-text-editor\" data-id=\"5832002\" data-element_type=\"widget\" data-widget_type=\"text-editor.default\">\n\t\t\t\t<div class=\"elementor-widget-container\">\n\t\t\t\t\t\t\t<h5><strong>E-ticaretle Sat\u0131\u015f Yaparken Hangi Y\u00fck\u00fcml\u00fcl\u00fckleri Yerine Getirmem Gerekiyor?<\/strong><\/h5>\t\t\t\t\t\t<\/div>\n\t\t\t\t<\/div>\n\t\t\t\t<div class=\"elementor-element elementor-element-2ec1a41 sc_fly_static elementor-widget elementor-widget-spacer\" data-id=\"2ec1a41\" data-element_type=\"widget\" data-widget_type=\"spacer.default\">\n\t\t\t\t<div class=\"elementor-widget-container\">\n\t\t\t\t\t<div class=\"elementor-spacer\">\n\t\t\t<div class=\"elementor-spacer-inner\"><\/div>\n\t\t<\/div>\n\t\t\t\t<\/div>\n\t\t\t\t<\/div>\n\t\t\t\t<div class=\"elementor-element elementor-element-d2f6683 sc_fly_static elementor-widget elementor-widget-text-editor\" data-id=\"d2f6683\" data-element_type=\"widget\" data-widget_type=\"text-editor.default\">\n\t\t\t\t<div class=\"elementor-widget-container\">\n\t\t\t\t\t\t\t<p>E-ticaret yolu ile sat\u0131\u015f yapanlar\u0131n sahip oldu\u011fu y\u00fck\u00fcml\u00fcl\u00fckler hizmet sa\u011flay\u0131c\u0131 ve arac\u0131 hizmet sa\u011flay\u0131c\u0131lar i\u00e7in de\u011fi\u015fmektedir. Pazaryeri uygulamalar\u0131nda ve do\u011frudan sat\u0131\u015f yap\u0131lan e-ticaret sistemlerinde sahip olunan y\u00fck\u00fcml\u00fcl\u00fcklerin yerine getirilmemesi cezai yapt\u0131r\u0131mlarla kar\u015f\u0131la\u015f\u0131lmas\u0131na yol a\u00e7maktad\u0131r. Ayr\u0131ca e-ticaret s\u0131ras\u0131nda dijital sat\u0131\u015f ve pazarlaman\u0131n getirdi\u011fi kurallar da offline sat\u0131\u015fa g\u00f6re farkl\u0131l\u0131klar g\u00f6stermektedir. Yine e-ticaret yolu ile sat\u0131\u015f\u0131 m\u00fcmk\u00fcn olmayan \u00fcr\u00fcn ve hizmetlerin de internet siteniz ya da uygulaman\u0131zda yer al\u0131p almad\u0131\u011f\u0131 y\u00f6n\u00fcnde de\u011ferlendirme yap\u0131lmal\u0131d\u0131r.<\/p><p><em><span style=\"color: #000000;\">E-ticaret yapan hizmet sa\u011flay\u0131c\u0131 ve arac\u0131 hizmet sa\u011flay\u0131c\u0131lar\u0131n internet siteleri ve\/veya mobil uygulamalar\u0131 kapsaml\u0131 bir inceleme ve analize tabi tutularak i\u015f modeline g\u00f6re sahip olunan hak ve y\u00fck\u00fcml\u00fcl\u00fckler ile dikkat edilmesi gereken noktalar\u0131 belirten yaz\u0131l\u0131 bir rapor sunuyoruz.<\/span><\/em><\/p>\t\t\t\t\t\t<\/div>\n\t\t\t\t<\/div>\n\t\t\t\t<div class=\"elementor-element elementor-element-5bc268c sc_fly_static elementor-widget elementor-widget-spacer\" data-id=\"5bc268c\" data-element_type=\"widget\" data-widget_type=\"spacer.default\">\n\t\t\t\t<div class=\"elementor-widget-container\">\n\t\t\t\t\t<div class=\"elementor-spacer\">\n\t\t\t<div class=\"elementor-spacer-inner\"><\/div>\n\t\t<\/div>\n\t\t\t\t<\/div>\n\t\t\t\t<\/div>\n\t\t\t\t\t<\/div>\n\t\t<\/div>\n\t\t\t\t<div class=\"elementor-column elementor-col-50 elementor-top-column elementor-element elementor-element-1a1a593 sc_inner_width_none sc_content_align_inherit sc_layouts_column_icons_position_left animation_type_block sc_fly_static elementor-invisible\" data-id=\"1a1a593\" data-element_type=\"column\" data-settings=\"{&quot;animation&quot;:&quot;fadeInRight&quot;}\">\n\t\t\t<div class=\"elementor-widget-wrap elementor-element-populated\">\n\t\t\t\t\t\t\t\t<div class=\"elementor-element elementor-element-4846c97 sc_fly_static elementor-widget elementor-widget-image\" data-id=\"4846c97\" data-element_type=\"widget\" data-widget_type=\"image.default\">\n\t\t\t\t<div class=\"elementor-widget-container\">\n\t\t\t\t\t\t\t\t\t\t\t\t\t\t\t<img loading=\"lazy\" decoding=\"async\" width=\"1024\" height=\"683\" src=\"https:\/\/aysegulzengin.av.tr\/wp-content\/uploads\/2022\/07\/e-ticaret-1024x683.jpg\" class=\"attachment-large size-large wp-image-19288\" alt=\"\" srcset=\"https:\/\/aysegulzengin.av.tr\/wp-content\/uploads\/2022\/07\/e-ticaret-1024x683.jpg 1024w, https:\/\/aysegulzengin.av.tr\/wp-content\/uploads\/2022\/07\/e-ticaret-300x200.jpg 300w, https:\/\/aysegulzengin.av.tr\/wp-content\/uploads\/2022\/07\/e-ticaret-768x512.jpg 768w, https:\/\/aysegulzengin.av.tr\/wp-content\/uploads\/2022\/07\/e-ticaret-1536x1025.jpg 1536w, https:\/\/aysegulzengin.av.tr\/wp-content\/uploads\/2022\/07\/e-ticaret-2048x1367.jpg 2048w, https:\/\/aysegulzengin.av.tr\/wp-content\/uploads\/2022\/07\/e-ticaret-370x247.jpg 370w, https:\/\/aysegulzengin.av.tr\/wp-content\/uploads\/2022\/07\/e-ticaret-840x560.jpg 840w, https:\/\/aysegulzengin.av.tr\/wp-content\/uploads\/2022\/07\/e-ticaret-410x274.jpg 410w\" sizes=\"auto, (max-width: 1024px) 100vw, 1024px\" \/>\t\t\t\t\t\t\t\t\t\t\t\t\t\t\t<\/div>\n\t\t\t\t<\/div>\n\t\t\t\t\t<\/div>\n\t\t<\/div>\n\t\t\t\t\t\t\t<\/div>\n\t\t<\/section>\n\t\t\t\t<section class=\"elementor-section elementor-top-section elementor-element elementor-element-d26462f elementor-section-content-middle elementor-section-boxed elementor-section-height-default elementor-section-height-default animation_type_block sc_fly_static elementor-invisible\" data-id=\"d26462f\" data-element_type=\"section\" data-settings=\"{&quot;animation&quot;:&quot;fadeInUp&quot;}\">\n\t\t\t\t\t\t<div class=\"elementor-container elementor-column-gap-no\">\n\t\t\t\t\t<div class=\"elementor-column elementor-col-50 elementor-top-column elementor-element elementor-element-b5bf4f0 sc_inner_width_none sc_content_align_inherit sc_layouts_column_icons_position_left sc_fly_static\" data-id=\"b5bf4f0\" data-element_type=\"column\">\n\t\t\t<div class=\"elementor-widget-wrap elementor-element-populated\">\n\t\t\t\t\t\t\t\t<div class=\"elementor-element elementor-element-af5d0b9 elementor-widget-divider--view-line sc_fly_static elementor-widget elementor-widget-divider\" data-id=\"af5d0b9\" data-element_type=\"widget\" data-widget_type=\"divider.default\">\n\t\t\t\t<div class=\"elementor-widget-container\">\n\t\t\t\t\t<div class=\"elementor-divider\">\n\t\t\t<span class=\"elementor-divider-separator\">\n\t\t\t\t\t\t<\/span>\n\t\t<\/div>\n\t\t\t\t<\/div>\n\t\t\t\t<\/div>\n\t\t\t\t<div class=\"elementor-element elementor-element-01499e3 sc_fly_static elementor-widget elementor-widget-heading\" data-id=\"01499e3\" data-element_type=\"widget\" data-widget_type=\"heading.default\">\n\t\t\t\t<div class=\"elementor-widget-container\">\n\t\t\t<h4 class=\"elementor-heading-title elementor-size-default\">E-ticaretle Sat\u0131\u015f Yaparken Hangi S\u00f6zle\u015fme ve D\u00fczenlemelere \u0130htiyac\u0131m Var?<\/h4>\t\t<\/div>\n\t\t\t\t<\/div>\n\t\t\t\t\t<\/div>\n\t\t<\/div>\n\t\t\t\t<div class=\"elementor-column elementor-col-50 elementor-top-column elementor-element elementor-element-ba5dd82 sc_inner_width_none sc_content_align_inherit sc_layouts_column_icons_position_left sc_fly_static\" data-id=\"ba5dd82\" data-element_type=\"column\">\n\t\t\t<div class=\"elementor-widget-wrap elementor-element-populated\">\n\t\t\t\t\t\t\t\t<div class=\"elementor-element elementor-element-3001031 sc_fly_static elementor-widget elementor-widget-text-editor\" data-id=\"3001031\" data-element_type=\"widget\" data-widget_type=\"text-editor.default\">\n\t\t\t\t<div class=\"elementor-widget-container\">\n\t\t\t\t\t\t\t<p>E-ticaretin kendine has s\u00f6zle\u015fmeleri genel olarak abonelik s\u00f6zle\u015fmesi, \u00f6n bilgilendirme formu ve mesafeli sat\u0131\u015f s\u00f6zle\u015fmesi olmakla birlikte bu s\u00f6zle\u015fmelerin i\u00e7erikleri hizmet sa\u011flay\u0131c\u0131 ve arac\u0131 hizmet sa\u011flay\u0131c\u0131lar i\u00e7in de\u011fi\u015fkenlik g\u00f6stermektedir. Ayr\u0131ca e-ticaret yap\u0131lan \u00fcr\u00fcn ve hizmete g\u00f6re iptal ve iade ko\u015fullar\u0131 de\u011fi\u015fmektedir. Sat\u0131lan \u00fcr\u00fcn ve hizmet \u00f6zelinde inceleme yap\u0131lmadan iptal ve iadeye ili\u015fkin y\u00fck\u00fcml\u00fcl\u00fcklerin belirlenmesi \u00e7ok zordur. Yine \u00fcyelik s\u00f6zle\u015fmeleri ve ki\u015fisel verilerin korunmas\u0131 hukukundan do\u011fan y\u00fck\u00fcml\u00fcl\u00fck ve d\u00fczenlemeler de i\u015f modeline g\u00f6re de\u011fi\u015fkenlik g\u00f6stermektedir.<\/p>\t\t\t\t\t\t<\/div>\n\t\t\t\t<\/div>\n\t\t\t\t<div class=\"elementor-element elementor-element-3f6b3b6 sc_fly_static elementor-widget elementor-widget-spacer\" data-id=\"3f6b3b6\" data-element_type=\"widget\" data-widget_type=\"spacer.default\">\n\t\t\t\t<div class=\"elementor-widget-container\">\n\t\t\t\t\t<div class=\"elementor-spacer\">\n\t\t\t<div class=\"elementor-spacer-inner\"><\/div>\n\t\t<\/div>\n\t\t\t\t<\/div>\n\t\t\t\t<\/div>\n\t\t\t\t<div class=\"elementor-element elementor-element-677094d sc_fly_static elementor-widget elementor-widget-text-editor\" data-id=\"677094d\" data-element_type=\"widget\" data-widget_type=\"text-editor.default\">\n\t\t\t\t<div class=\"elementor-widget-container\">\n\t\t\t\t\t\t\t<p><em><span style=\"color: #000000;\">E-ticaretle sat\u0131\u015f yaparken sahip olman\u0131z gereken s\u00f6zle\u015fmeler ve d\u00fczenlemeleri, s\u00f6zle\u015fmelerin \u00fcr\u00fcn ve hizmetlerinize \u00f6zel i\u00e7erikleri ve sahip oldu\u011funuz riskleri detayl\u0131 bir analiz sonucunda belirleyerek ihtiyac\u0131n\u0131z olan t\u00fcm s\u00f6zle\u015fme ve d\u00fczenlemeleri alan\u0131nda uzman ekibimiz ile haz\u0131rl\u0131yoruz.<\/span><\/em><\/p>\t\t\t\t\t\t<\/div>\n\t\t\t\t<\/div>\n\t\t\t\t<div class=\"elementor-element elementor-element-3ad074c sc_fly_static elementor-widget elementor-widget-spacer\" data-id=\"3ad074c\" data-element_type=\"widget\" data-widget_type=\"spacer.default\">\n\t\t\t\t<div class=\"elementor-widget-container\">\n\t\t\t\t\t<div class=\"elementor-spacer\">\n\t\t\t<div class=\"elementor-spacer-inner\"><\/div>\n\t\t<\/div>\n\t\t\t\t<\/div>\n\t\t\t\t<\/div>\n\t\t\t\t\t<\/div>\n\t\t<\/div>\n\t\t\t\t\t\t\t<\/div>\n\t\t<\/section>\n\t\t\t\t\t\t\t<\/div>\n\t\t","protected":false},"excerpt":{"rendered":"<p>E-T\u0130CARET HUKUKU E-ticaretle Sat\u0131\u015f Yaparken Hangi Y\u00fck\u00fcml\u00fcl\u00fckleri Yerine Getirmem Gerekiyor? E-ticaret yolu ile sat\u0131\u015f yapanlar\u0131n sahip oldu\u011fu y\u00fck\u00fcml\u00fcl\u00fckler hizmet sa\u011flay\u0131c\u0131 ve arac\u0131 hizmet sa\u011flay\u0131c\u0131lar i\u00e7in de\u011fi\u015fmektedir. Pazaryeri uygulamalar\u0131nda ve do\u011frudan&hellip;<\/p>\n","protected":false},"author":1,"featured_media":19451,"parent":0,"menu_order":0,"comment_status":"closed","ping_status":"closed","template":"","meta":{"footnotes":""},"class_list":["post-19414","page","type-page","status-publish","has-post-thumbnail","hentry"],"_links":{"self":[{"href":"https:\/\/aysegulzengin.av.tr\/tr\/wp-json\/wp\/v2\/pages\/19414","targetHints":{"allow":["GET"]}}],"collection":[{"href":"https:\/\/aysegulzengin.av.tr\/tr\/wp-json\/wp\/v2\/pages"}],"about":[{"href":"https:\/\/aysegulzengin.av.tr\/tr\/wp-json\/wp\/v2\/types\/page"}],"author":[{"embeddable":true,"href":"https:\/\/aysegulzengin.av.tr\/tr\/wp-json\/wp\/v2\/users\/1"}],"replies":[{"embeddable":true,"href":"https:\/\/aysegulzengin.av.tr\/tr\/wp-json\/wp\/v2\/comments?post=19414"}],"version-history":[{"count":25,"href":"https:\/\/aysegulzengin.av.tr\/tr\/wp-json\/wp\/v2\/pages\/19414\/revisions"}],"predecessor-version":[{"id":20112,"href":"https:\/\/aysegulzengin.av.tr\/tr\/wp-json\/wp\/v2\/pages\/19414\/revisions\/20112"}],"wp:featuredmedia":[{"embeddable":true,"href":"https:\/\/aysegulzengin.av.tr\/tr\/wp-json\/wp\/v2\/media\/19451"}],"wp:attachment":[{"href":"https:\/\/aysegulzengin.av.tr\/tr\/wp-json\/wp\/v2\/media?parent=19414"}],"curies":[{"name":"wp","href":"https:\/\/api.w.org\/{rel}","templated":true}]}}