{"id":19405,"date":"2023-11-08T13:33:30","date_gmt":"2023-11-08T13:33:30","guid":{"rendered":"http:\/\/v3.aysegulzengin.av.tr\/?page_id=19405"},"modified":"2023-11-15T11:24:40","modified_gmt":"2023-11-15T11:24:40","slug":"startup-hukuku","status":"publish","type":"page","link":"https:\/\/aysegulzengin.av.tr\/tr\/startup-hukuku\/","title":{"rendered":"Startup Hukuku"},"content":{"rendered":"\t\t<div data-elementor-type=\"wp-page\" data-elementor-id=\"19405\" class=\"elementor elementor-19405\">\n\t\t\t\t\t\t\t\t\t<section class=\"elementor-section elementor-top-section elementor-element elementor-element-7304274 elementor-section-content-middle elementor-section-boxed elementor-section-height-default elementor-section-height-default sc_fly_static\" data-id=\"7304274\" data-element_type=\"section\" data-settings=\"{&quot;background_background&quot;:&quot;classic&quot;}\">\n\t\t\t\t\t\t<div class=\"elementor-container elementor-column-gap-extended\">\n\t\t\t\t\t<div class=\"elementor-column elementor-col-100 elementor-top-column elementor-element elementor-element-8789c02 sc_inner_width_none sc_content_align_inherit sc_layouts_column_icons_position_left animation_type_block sc_fly_static elementor-invisible\" data-id=\"8789c02\" data-element_type=\"column\" data-settings=\"{&quot;animation&quot;:&quot;fadeInLeft&quot;}\">\n\t\t\t<div class=\"elementor-widget-wrap elementor-element-populated\">\n\t\t\t\t\t\t\t\t<section class=\"elementor-section elementor-inner-section elementor-element elementor-element-48a8c86 elementor-section-boxed elementor-section-height-default elementor-section-height-default sc_fly_static\" data-id=\"48a8c86\" data-element_type=\"section\">\n\t\t\t\t\t\t<div class=\"elementor-container elementor-column-gap-extended\">\n\t\t\t\t\t<div class=\"elementor-column elementor-col-50 elementor-inner-column elementor-element elementor-element-6edd6fd sc_inner_width_none sc_content_align_inherit sc_layouts_column_icons_position_left animation_type_block sc_fly_static elementor-invisible\" data-id=\"6edd6fd\" data-element_type=\"column\" data-settings=\"{&quot;animation&quot;:&quot;fadeInLeft&quot;}\">\n\t\t\t<div class=\"elementor-widget-wrap elementor-element-populated\">\n\t\t\t\t\t\t\t\t<div class=\"elementor-element elementor-element-57bb839 sc_fly_static elementor-widget elementor-widget-text-editor\" data-id=\"57bb839\" data-element_type=\"widget\" data-widget_type=\"text-editor.default\">\n\t\t\t\t<div class=\"elementor-widget-container\">\n\t\t\t\t\t\t\t<p>STARTUP HUKUKU<\/p>\t\t\t\t\t\t<\/div>\n\t\t\t\t<\/div>\n\t\t\t\t<div class=\"elementor-element elementor-element-d1bdc27 sc_fly_static elementor-widget elementor-widget-spacer\" data-id=\"d1bdc27\" data-element_type=\"widget\" data-widget_type=\"spacer.default\">\n\t\t\t\t<div class=\"elementor-widget-container\">\n\t\t\t\t\t<div class=\"elementor-spacer\">\n\t\t\t<div class=\"elementor-spacer-inner\"><\/div>\n\t\t<\/div>\n\t\t\t\t<\/div>\n\t\t\t\t<\/div>\n\t\t\t\t<div class=\"elementor-element elementor-element-d2f6683 sc_fly_static elementor-widget elementor-widget-text-editor\" data-id=\"d2f6683\" data-element_type=\"widget\" data-widget_type=\"text-editor.default\">\n\t\t\t\t<div class=\"elementor-widget-container\">\n\t\t\t\t\t\t\t<h5><strong>\u0130\u015f Modelim Hukuka Uygun mu?<\/strong><\/h5><p>Startuplar\u0131n yola \u00e7\u0131kmadan \u00f6nce i\u015f modelinin hukuken uygunlu\u011funun de\u011ferlendirilmesi b\u00fcy\u00fck \u00f6nem ta\u015f\u0131yor. Aksi takdirde, ilerleyen d\u00f6nemlerde hukuka ayk\u0131r\u0131 noktalar\u0131n d\u00fczeltilmesi \u00e7ok zor oldu\u011fu gibi b\u00fcy\u00fck yapt\u0131r\u0131mlar ile kar\u015f\u0131la\u015fmas\u0131na yol a\u00e7\u0131yor.<\/p><p>Yola \u00e7\u0131kmaya haz\u0131rlanan startuplar\u0131n i\u015f modelini sekt\u00f6rel olarak ba\u011fl\u0131 bulunduklar\u0131 mevzuat \u00e7er\u00e7evesinde geni\u015f bir ara\u015ft\u0131rma ile inceliyoruz. <\/p><p><em><span style=\"color: #000000;\">Bu ara\u015ft\u0131rma ve incelemenin sonucunda i\u015f modelinin hukuka uygunlu\u011funu belirten bir rapor ile i\u015f modelinin uygulanmas\u0131 s\u0131ras\u0131nda dikkat edilmesi gereken noktalar\u0131 belirten yaz\u0131l\u0131 bir rapor sunuyoruz.<\/span><\/em><\/p>\t\t\t\t\t\t<\/div>\n\t\t\t\t<\/div>\n\t\t\t\t<div class=\"elementor-element elementor-element-fa47612 sc_fly_static elementor-widget elementor-widget-spacer\" data-id=\"fa47612\" data-element_type=\"widget\" data-widget_type=\"spacer.default\">\n\t\t\t\t<div class=\"elementor-widget-container\">\n\t\t\t\t\t<div class=\"elementor-spacer\">\n\t\t\t<div class=\"elementor-spacer-inner\"><\/div>\n\t\t<\/div>\n\t\t\t\t<\/div>\n\t\t\t\t<\/div>\n\t\t\t\t\t<\/div>\n\t\t<\/div>\n\t\t\t\t<div class=\"elementor-column elementor-col-50 elementor-inner-column elementor-element elementor-element-7e378ca sc_inner_width_none sc_content_align_inherit sc_layouts_column_icons_position_left animation_type_block sc_fly_static elementor-invisible\" data-id=\"7e378ca\" data-element_type=\"column\" data-settings=\"{&quot;animation&quot;:&quot;fadeInRight&quot;}\">\n\t\t\t<div class=\"elementor-widget-wrap elementor-element-populated\">\n\t\t\t\t\t\t\t\t<div class=\"elementor-element elementor-element-e481b03 sc_fly_static elementor-widget elementor-widget-image\" data-id=\"e481b03\" data-element_type=\"widget\" data-widget_type=\"image.default\">\n\t\t\t\t<div class=\"elementor-widget-container\">\n\t\t\t\t\t\t\t\t\t\t\t\t\t\t\t<img loading=\"lazy\" decoding=\"async\" width=\"2000\" height=\"1333\" src=\"https:\/\/aysegulzengin.av.tr\/wp-content\/uploads\/2023\/11\/bannerrr.jpg\" class=\"attachment-full size-full wp-image-19819\" alt=\"\" srcset=\"https:\/\/aysegulzengin.av.tr\/wp-content\/uploads\/2023\/11\/bannerrr.jpg 2000w, https:\/\/aysegulzengin.av.tr\/wp-content\/uploads\/2023\/11\/bannerrr-300x200.jpg 300w, https:\/\/aysegulzengin.av.tr\/wp-content\/uploads\/2023\/11\/bannerrr-1024x682.jpg 1024w, https:\/\/aysegulzengin.av.tr\/wp-content\/uploads\/2023\/11\/bannerrr-768x512.jpg 768w, https:\/\/aysegulzengin.av.tr\/wp-content\/uploads\/2023\/11\/bannerrr-1536x1024.jpg 1536w, https:\/\/aysegulzengin.av.tr\/wp-content\/uploads\/2023\/11\/bannerrr-370x247.jpg 370w, https:\/\/aysegulzengin.av.tr\/wp-content\/uploads\/2023\/11\/bannerrr-840x560.jpg 840w, https:\/\/aysegulzengin.av.tr\/wp-content\/uploads\/2023\/11\/bannerrr-410x273.jpg 410w\" sizes=\"auto, (max-width: 2000px) 100vw, 2000px\" \/>\t\t\t\t\t\t\t\t\t\t\t\t\t\t\t<\/div>\n\t\t\t\t<\/div>\n\t\t\t\t\t<\/div>\n\t\t<\/div>\n\t\t\t\t\t\t\t<\/div>\n\t\t<\/section>\n\t\t\t\t\t<\/div>\n\t\t<\/div>\n\t\t\t\t\t\t\t<\/div>\n\t\t<\/section>\n\t\t\t\t<section class=\"elementor-section elementor-top-section elementor-element elementor-element-7d89bbc3 elementor-section-content-middle elementor-section-boxed elementor-section-height-default elementor-section-height-default animation_type_block sc_fly_static elementor-invisible\" data-id=\"7d89bbc3\" data-element_type=\"section\" data-settings=\"{&quot;animation&quot;:&quot;fadeInUp&quot;}\">\n\t\t\t\t\t\t<div class=\"elementor-container elementor-column-gap-no\">\n\t\t\t\t\t<div class=\"elementor-column elementor-col-50 elementor-top-column elementor-element elementor-element-2d1cb84c sc_inner_width_none sc_content_align_inherit sc_layouts_column_icons_position_left sc_fly_static\" data-id=\"2d1cb84c\" data-element_type=\"column\">\n\t\t\t<div class=\"elementor-widget-wrap elementor-element-populated\">\n\t\t\t\t\t\t\t\t<div class=\"elementor-element elementor-element-45942937 elementor-widget-divider--view-line sc_fly_static elementor-widget elementor-widget-divider\" data-id=\"45942937\" data-element_type=\"widget\" data-widget_type=\"divider.default\">\n\t\t\t\t<div class=\"elementor-widget-container\">\n\t\t\t\t\t<div class=\"elementor-divider\">\n\t\t\t<span class=\"elementor-divider-separator\">\n\t\t\t\t\t\t<\/span>\n\t\t<\/div>\n\t\t\t\t<\/div>\n\t\t\t\t<\/div>\n\t\t\t\t<div class=\"elementor-element elementor-element-5a5cbaf4 sc_fly_static elementor-widget elementor-widget-heading\" data-id=\"5a5cbaf4\" data-element_type=\"widget\" data-widget_type=\"heading.default\">\n\t\t\t\t<div class=\"elementor-widget-container\">\n\t\t\t<h4 class=\"elementor-heading-title elementor-size-default\">Fikrimin\nHaklar\u0131n\u0131\nNas\u0131l \nKorurum?<\/h4>\t\t<\/div>\n\t\t\t\t<\/div>\n\t\t\t\t\t<\/div>\n\t\t<\/div>\n\t\t\t\t<div class=\"elementor-column elementor-col-50 elementor-top-column elementor-element elementor-element-2776ed9a sc_inner_width_none sc_content_align_inherit sc_layouts_column_icons_position_left sc_fly_static\" data-id=\"2776ed9a\" data-element_type=\"column\">\n\t\t\t<div class=\"elementor-widget-wrap elementor-element-populated\">\n\t\t\t\t\t\t\t\t<div class=\"elementor-element elementor-element-412ff914 sc_fly_static elementor-widget elementor-widget-text-editor\" data-id=\"412ff914\" data-element_type=\"widget\" data-widget_type=\"text-editor.default\">\n\t\t\t\t<div class=\"elementor-widget-container\">\n\t\t\t\t\t\t\t<p>\u0130\u015f fikirleri startuplar i\u00e7in b\u00fcy\u00fck \u00f6nem ta\u015f\u0131yor. Bu fikirlerin fikri ve s\u0131nai koruma yollar\u0131ndan hangisi kapsam\u0131nda korunmas\u0131 gerekti\u011fi i\u015f fikri \u00f6zelinde yap\u0131lacak inceleme ile anla\u015f\u0131labiliyor.<\/p>\t\t\t\t\t\t<\/div>\n\t\t\t\t<\/div>\n\t\t\t\t<div class=\"elementor-element elementor-element-ac26257 sc_fly_static elementor-widget elementor-widget-spacer\" data-id=\"ac26257\" data-element_type=\"widget\" data-widget_type=\"spacer.default\">\n\t\t\t\t<div class=\"elementor-widget-container\">\n\t\t\t\t\t<div class=\"elementor-spacer\">\n\t\t\t<div class=\"elementor-spacer-inner\"><\/div>\n\t\t<\/div>\n\t\t\t\t<\/div>\n\t\t\t\t<\/div>\n\t\t\t\t<div class=\"elementor-element elementor-element-7412f99a sc_fly_static elementor-widget elementor-widget-text-editor\" data-id=\"7412f99a\" data-element_type=\"widget\" data-widget_type=\"text-editor.default\">\n\t\t\t\t<div class=\"elementor-widget-container\">\n\t\t\t\t\t\t\t\u0130\u015f fikrinizin temelini olu\u015fturan yaz\u0131l\u0131m, bulu\u015f, alan ad\u0131 ya da ismin nas\u0131l korunaca\u011f\u0131n\u0131, ba\u015fvuru yollar\u0131 ile haklar\u0131n\u0131z ve fikirlerinizin \u00e7al\u0131nmas\u0131 halinde ba\u015fvurabilece\u011finiz yollar konusunda kapsaml\u0131 bir inceleme ile ayr\u0131nt\u0131l\u0131 bir rapor sunuyoruz.\t\t\t\t\t\t<\/div>\n\t\t\t\t<\/div>\n\t\t\t\t<div class=\"elementor-element elementor-element-1113c90 sc_fly_static elementor-widget elementor-widget-spacer\" data-id=\"1113c90\" data-element_type=\"widget\" data-widget_type=\"spacer.default\">\n\t\t\t\t<div class=\"elementor-widget-container\">\n\t\t\t\t\t<div class=\"elementor-spacer\">\n\t\t\t<div class=\"elementor-spacer-inner\"><\/div>\n\t\t<\/div>\n\t\t\t\t<\/div>\n\t\t\t\t<\/div>\n\t\t\t\t<div class=\"elementor-element elementor-element-a61b254 sc_fly_static elementor-widget elementor-widget-text-editor\" data-id=\"a61b254\" data-element_type=\"widget\" data-widget_type=\"text-editor.default\">\n\t\t\t\t<div class=\"elementor-widget-container\">\n\t\t\t\t\t\t\t<p>\u0130\u015f fikirleri startuplar i\u00e7in b\u00fcy\u00fck \u00f6nem ta\u015f\u0131yor. Bu fikirlerin fikri ve s\u0131nai koruma yollar\u0131ndan hangisi kapsam\u0131nda korunmas\u0131 gerekti\u011fi i\u015f fikri \u00f6zelinde yap\u0131lacak inceleme ile anla\u015f\u0131labiliyor.<\/p>\t\t\t\t\t\t<\/div>\n\t\t\t\t<\/div>\n\t\t\t\t\t<\/div>\n\t\t<\/div>\n\t\t\t\t\t\t\t<\/div>\n\t\t<\/section>\n\t\t\t\t<section class=\"elementor-section elementor-top-section elementor-element elementor-element-ab1e0c2 elementor-section-content-middle elementor-section-boxed elementor-section-height-default elementor-section-height-default sc_fly_static\" data-id=\"ab1e0c2\" data-element_type=\"section\" data-settings=\"{&quot;background_background&quot;:&quot;classic&quot;}\">\n\t\t\t\t\t\t<div class=\"elementor-container elementor-column-gap-extended\">\n\t\t\t\t\t<div class=\"elementor-column elementor-col-50 elementor-top-column elementor-element elementor-element-a6c29ed sc_inner_width_none sc_content_align_inherit sc_layouts_column_icons_position_left animation_type_block sc_fly_static elementor-invisible\" data-id=\"a6c29ed\" data-element_type=\"column\" data-settings=\"{&quot;animation&quot;:&quot;fadeInLeft&quot;}\">\n\t\t\t<div class=\"elementor-widget-wrap elementor-element-populated\">\n\t\t\t\t\t\t\t\t<div class=\"elementor-element elementor-element-9877acc sc_fly_static elementor-widget elementor-widget-image\" data-id=\"9877acc\" data-element_type=\"widget\" data-widget_type=\"image.default\">\n\t\t\t\t<div class=\"elementor-widget-container\">\n\t\t\t\t\t\t\t\t\t\t\t\t\t\t\t<img loading=\"lazy\" decoding=\"async\" width=\"1084\" height=\"995\" src=\"https:\/\/aysegulzengin.av.tr\/wp-content\/uploads\/2023\/11\/900052379-1.jpg\" class=\"attachment-full size-full wp-image-19902\" alt=\"\" srcset=\"https:\/\/aysegulzengin.av.tr\/wp-content\/uploads\/2023\/11\/900052379-1.jpg 1084w, https:\/\/aysegulzengin.av.tr\/wp-content\/uploads\/2023\/11\/900052379-1-300x275.jpg 300w, https:\/\/aysegulzengin.av.tr\/wp-content\/uploads\/2023\/11\/900052379-1-1024x940.jpg 1024w, https:\/\/aysegulzengin.av.tr\/wp-content\/uploads\/2023\/11\/900052379-1-768x705.jpg 768w, https:\/\/aysegulzengin.av.tr\/wp-content\/uploads\/2023\/11\/900052379-1-370x340.jpg 370w, https:\/\/aysegulzengin.av.tr\/wp-content\/uploads\/2023\/11\/900052379-1-840x771.jpg 840w, https:\/\/aysegulzengin.av.tr\/wp-content\/uploads\/2023\/11\/900052379-1-410x376.jpg 410w\" sizes=\"auto, (max-width: 1084px) 100vw, 1084px\" \/>\t\t\t\t\t\t\t\t\t\t\t\t\t\t\t<\/div>\n\t\t\t\t<\/div>\n\t\t\t\t\t<\/div>\n\t\t<\/div>\n\t\t\t\t<div class=\"elementor-column elementor-col-50 elementor-top-column elementor-element elementor-element-17dc464 sc_inner_width_none sc_content_align_inherit sc_layouts_column_icons_position_left animation_type_block sc_fly_static elementor-invisible\" data-id=\"17dc464\" data-element_type=\"column\" data-settings=\"{&quot;animation&quot;:&quot;fadeInRight&quot;}\">\n\t\t\t<div class=\"elementor-widget-wrap elementor-element-populated\">\n\t\t\t\t\t\t\t\t<div class=\"elementor-element elementor-element-ebea01f sc_fly_static elementor-widget elementor-widget-spacer\" data-id=\"ebea01f\" data-element_type=\"widget\" data-widget_type=\"spacer.default\">\n\t\t\t\t<div class=\"elementor-widget-container\">\n\t\t\t\t\t<div class=\"elementor-spacer\">\n\t\t\t<div class=\"elementor-spacer-inner\"><\/div>\n\t\t<\/div>\n\t\t\t\t<\/div>\n\t\t\t\t<\/div>\n\t\t\t\t<div class=\"elementor-element elementor-element-4366523 sc_fly_static elementor-widget elementor-widget-text-editor\" data-id=\"4366523\" data-element_type=\"widget\" data-widget_type=\"text-editor.default\">\n\t\t\t\t<div class=\"elementor-widget-container\">\n\t\t\t\t\t\t\t<h5><strong>\u0130\u015f Modelimde Hangi S\u00f6zle\u015fme ve D\u00fczenlemelere \u0130htiyac\u0131m Var?<\/strong><\/h5>\t\t\t\t\t\t<\/div>\n\t\t\t\t<\/div>\n\t\t\t\t<div class=\"elementor-element elementor-element-fd6d926 sc_fly_static elementor-widget elementor-widget-spacer\" data-id=\"fd6d926\" data-element_type=\"widget\" data-widget_type=\"spacer.default\">\n\t\t\t\t<div class=\"elementor-widget-container\">\n\t\t\t\t\t<div class=\"elementor-spacer\">\n\t\t\t<div class=\"elementor-spacer-inner\"><\/div>\n\t\t<\/div>\n\t\t\t\t<\/div>\n\t\t\t\t<\/div>\n\t\t\t\t<div class=\"elementor-element elementor-element-f891351 sc_fly_static elementor-widget elementor-widget-text-editor\" data-id=\"f891351\" data-element_type=\"widget\" data-widget_type=\"text-editor.default\">\n\t\t\t\t<div class=\"elementor-widget-container\">\n\t\t\t\t\t\t\t<p>Startuplar\u0131n akl\u0131ndaki en \u00f6nemli sorulardan biri hangi s\u00f6zle\u015fme ve d\u00fczenlemeler ihtiya\u00e7lar\u0131 oldu\u011fudur. Ancak burada \u00f6nemli olan hangi s\u00f6zle\u015fme oldu\u011fundan \u00e7ok s\u00f6zle\u015fmelerin i\u00e7eri\u011fidir. S\u00f6zle\u015fmelerin i\u00e7eri\u011fi ise i\u015f modelinin do\u011fru anla\u015f\u0131lmas\u0131 ve i\u015f modelinin getirdi\u011fi risklerin do\u011fru analizi ile m\u00fcmk\u00fcnd\u00fcr.<\/p><p>\u0130\u015f modeli analizinden sonra startup fikrinin korunmas\u0131 ve ileride do\u011facak risklerin en aza indirilmesi amac\u0131 ile koruyucu d\u00fczenlemelerin yap\u0131lmas\u0131 b\u00fcy\u00fck \u00f6nem ta\u015f\u0131maktad\u0131r. Startup\u2019\u0131n gelir modeli ve ba\u011fl\u0131 oldu\u011fu sekt\u00f6re \u00f6zel d\u00fczenlemeler de bu s\u00f6zle\u015fme ve i\u00e7eriklerinin belirlenmesinde b\u00fcy\u00fck \u00f6nem ta\u015f\u0131maktad\u0131r.<\/p><p><em><span style=\"color: #000000;\">Startuplar\u0131n risklerini do\u011fru belirleyerek ihtiya\u00e7 duydu\u011fu gizlilik s\u00f6zle\u015fmesi, ortakl\u0131k s\u00f6zle\u015fmesi, \u00fcyelik s\u00f6zle\u015fmeleri, ki\u015fisel veri koruma hukuku d\u00fczenlemeleri, mesafeli sat\u0131\u015f s\u00f6zle\u015fmesi ile \u00e7al\u0131\u015fanlarla yap\u0131lacak \u00f6zel d\u00fczenlemeler ve opsiyon hissesi s\u00f6zle\u015fmeleri gibi bir\u00e7ok s\u00f6zle\u015fme ve d\u00fczenlemeden hangilerine ihtiya\u00e7 duyuldu\u011fu ve i\u00e7eriklerinin mutlaka bar\u0131nd\u0131rmas\u0131 gereken koruyucu d\u00fczenlemeleri i\u015f modeline y\u00f6nelik ayr\u0131nt\u0131l\u0131 bir analiz ile belirliyoruz.<\/span><\/em><\/p>\t\t\t\t\t\t<\/div>\n\t\t\t\t<\/div>\n\t\t\t\t\t<\/div>\n\t\t<\/div>\n\t\t\t\t\t\t\t<\/div>\n\t\t<\/section>\n\t\t\t\t<section class=\"elementor-section elementor-top-section elementor-element elementor-element-f308b0f elementor-section-content-middle elementor-section-boxed elementor-section-height-default elementor-section-height-default animation_type_block sc_fly_static elementor-invisible\" data-id=\"f308b0f\" data-element_type=\"section\" data-settings=\"{&quot;animation&quot;:&quot;fadeInUp&quot;}\">\n\t\t\t\t\t\t<div class=\"elementor-container elementor-column-gap-no\">\n\t\t\t\t\t<div class=\"elementor-column elementor-col-50 elementor-top-column elementor-element elementor-element-2c0b97b sc_inner_width_none sc_content_align_inherit sc_layouts_column_icons_position_left sc_fly_static\" data-id=\"2c0b97b\" data-element_type=\"column\">\n\t\t\t<div class=\"elementor-widget-wrap elementor-element-populated\">\n\t\t\t\t\t\t\t\t<div class=\"elementor-element elementor-element-2dcaa3e elementor-widget-divider--view-line sc_fly_static elementor-widget elementor-widget-divider\" data-id=\"2dcaa3e\" data-element_type=\"widget\" data-widget_type=\"divider.default\">\n\t\t\t\t<div class=\"elementor-widget-container\">\n\t\t\t\t\t<div class=\"elementor-divider\">\n\t\t\t<span class=\"elementor-divider-separator\">\n\t\t\t\t\t\t<\/span>\n\t\t<\/div>\n\t\t\t\t<\/div>\n\t\t\t\t<\/div>\n\t\t\t\t<div class=\"elementor-element elementor-element-b42e956 sc_fly_static elementor-widget elementor-widget-heading\" data-id=\"b42e956\" data-element_type=\"widget\" data-widget_type=\"heading.default\">\n\t\t\t\t<div class=\"elementor-widget-container\">\n\t\t\t<h4 class=\"elementor-heading-title elementor-size-default\">Yat\u0131r\u0131m Al\u0131rken Nelere Dikkat Etmeliyim?<\/h4>\t\t<\/div>\n\t\t\t\t<\/div>\n\t\t\t\t\t<\/div>\n\t\t<\/div>\n\t\t\t\t<div class=\"elementor-column elementor-col-50 elementor-top-column elementor-element elementor-element-b4e1765 sc_inner_width_none sc_content_align_inherit sc_layouts_column_icons_position_left sc_fly_static\" data-id=\"b4e1765\" data-element_type=\"column\">\n\t\t\t<div class=\"elementor-widget-wrap elementor-element-populated\">\n\t\t\t\t\t\t\t\t<div class=\"elementor-element elementor-element-5552bea sc_fly_static elementor-widget elementor-widget-text-editor\" data-id=\"5552bea\" data-element_type=\"widget\" data-widget_type=\"text-editor.default\">\n\t\t\t\t<div class=\"elementor-widget-container\">\n\t\t\t\t\t\t\t<p>Yat\u0131r\u0131m almak startuplar i\u00e7in \u00f6nemli bir e\u015fiktir. Yat\u0131r\u0131m s\u00fcrecinde startuplar i\u00e7in finansal kaynak sa\u011flan\u0131rken yat\u0131r\u0131mc\u0131n\u0131n bu kayna\u011f\u0131 sa\u011flaman\u0131n kar\u015f\u0131s\u0131nda bir tak\u0131m beklentileri bulunmaktad\u0131r ve bu olduk\u00e7a do\u011fald\u0131r. Yat\u0131r\u0131mc\u0131n\u0131n beklentileri ile startuplar\u0131n haklar\u0131n\u0131n korunmas\u0131 aras\u0131nda bir denge testi yap\u0131lmal\u0131 ve bu s\u00fcre\u00e7 her iki taraf\u0131n da menfaatlerini g\u00f6zetecek \u015fekilde kurulmal\u0131d\u0131r.<br \/>Yat\u0131r\u0131m alma s\u00fcrecinde yat\u0131r\u0131mc\u0131n\u0131n beklentilerini kar\u015f\u0131larken kar pay\u0131, zarar pay\u0131 veya yat\u0131r\u0131mc\u0131n\u0131n \u015firket y\u00f6netimindeki pay\u0131 konular\u0131nda hukukun getirdi\u011fi bir tak\u0131m uygulamalar bulunmaktad\u0131r. Bu uygulama yollar\u0131 konusunda bilgi sahibi olarak yat\u0131r\u0131mc\u0131n\u0131n ve startup hissedarlar\u0131n\u0131n haklar\u0131n\u0131n do\u011fru bilinmesi ve s\u00fcrecin bu \u015fekillendirilmesi ileri d\u00f6nemde do\u011fabilecek ihtilaflar kar\u015f\u0131s\u0131nda b\u00fcy\u00fck anlamda koruyucu d\u00fczenlemelerin yap\u0131lmas\u0131n\u0131 sa\u011flamaktad\u0131r.<\/p>\t\t\t\t\t\t<\/div>\n\t\t\t\t<\/div>\n\t\t\t\t<div class=\"elementor-element elementor-element-4f75715 sc_fly_static elementor-widget elementor-widget-spacer\" data-id=\"4f75715\" data-element_type=\"widget\" data-widget_type=\"spacer.default\">\n\t\t\t\t<div class=\"elementor-widget-container\">\n\t\t\t\t\t<div class=\"elementor-spacer\">\n\t\t\t<div class=\"elementor-spacer-inner\"><\/div>\n\t\t<\/div>\n\t\t\t\t<\/div>\n\t\t\t\t<\/div>\n\t\t\t\t<div class=\"elementor-element elementor-element-fdd285c sc_fly_static elementor-widget elementor-widget-text-editor\" data-id=\"fdd285c\" data-element_type=\"widget\" data-widget_type=\"text-editor.default\">\n\t\t\t\t<div class=\"elementor-widget-container\">\n\t\t\t\t\t\t\tYat\u0131r\u0131m s\u00fcrecinde startuplar i\u00e7in yat\u0131r\u0131mc\u0131 ile yap\u0131lacak ilk g\u00f6r\u00fc\u015fmeden itibaren profesyonel hukuki destek alarak ilerlemek yat\u0131r\u0131mc\u0131 ile yap\u0131lacak anla\u015fman\u0131n \u00e7ok daha do\u011fru bir zemine oturtulmas\u0131, kar\u015f\u0131l\u0131kl\u0131 menfaatlerin profesyonel yard\u0131m ile belirlenmesi ve s\u00f6zle\u015fmelerin haz\u0131rlanmas\u0131 noktas\u0131nda hukuki destek sunuyoruz.\t\t\t\t\t\t<\/div>\n\t\t\t\t<\/div>\n\t\t\t\t<div class=\"elementor-element elementor-element-e539cca sc_fly_static elementor-widget elementor-widget-spacer\" data-id=\"e539cca\" data-element_type=\"widget\" data-widget_type=\"spacer.default\">\n\t\t\t\t<div class=\"elementor-widget-container\">\n\t\t\t\t\t<div class=\"elementor-spacer\">\n\t\t\t<div class=\"elementor-spacer-inner\"><\/div>\n\t\t<\/div>\n\t\t\t\t<\/div>\n\t\t\t\t<\/div>\n\t\t\t\t\t<\/div>\n\t\t<\/div>\n\t\t\t\t\t\t\t<\/div>\n\t\t<\/section>\n\t\t\t\t\t\t\t<\/div>\n\t\t","protected":false},"excerpt":{"rendered":"<p>STARTUP HUKUKU \u0130\u015f Modelim Hukuka Uygun mu? Startuplar\u0131n yola \u00e7\u0131kmadan \u00f6nce i\u015f modelinin hukuken uygunlu\u011funun de\u011ferlendirilmesi b\u00fcy\u00fck \u00f6nem ta\u015f\u0131yor. Aksi takdirde, ilerleyen d\u00f6nemlerde hukuka ayk\u0131r\u0131 noktalar\u0131n d\u00fczeltilmesi \u00e7ok zor oldu\u011fu&hellip;<\/p>\n","protected":false},"author":1,"featured_media":19449,"parent":0,"menu_order":0,"comment_status":"closed","ping_status":"closed","template":"","meta":{"footnotes":""},"class_list":["post-19405","page","type-page","status-publish","has-post-thumbnail","hentry"],"_links":{"self":[{"href":"https:\/\/aysegulzengin.av.tr\/tr\/wp-json\/wp\/v2\/pages\/19405","targetHints":{"allow":["GET"]}}],"collection":[{"href":"https:\/\/aysegulzengin.av.tr\/tr\/wp-json\/wp\/v2\/pages"}],"about":[{"href":"https:\/\/aysegulzengin.av.tr\/tr\/wp-json\/wp\/v2\/types\/page"}],"author":[{"embeddable":true,"href":"https:\/\/aysegulzengin.av.tr\/tr\/wp-json\/wp\/v2\/users\/1"}],"replies":[{"embeddable":true,"href":"https:\/\/aysegulzengin.av.tr\/tr\/wp-json\/wp\/v2\/comments?post=19405"}],"version-history":[{"count":80,"href":"https:\/\/aysegulzengin.av.tr\/tr\/wp-json\/wp\/v2\/pages\/19405\/revisions"}],"predecessor-version":[{"id":20542,"href":"https:\/\/aysegulzengin.av.tr\/tr\/wp-json\/wp\/v2\/pages\/19405\/revisions\/20542"}],"wp:featuredmedia":[{"embeddable":true,"href":"https:\/\/aysegulzengin.av.tr\/tr\/wp-json\/wp\/v2\/media\/19449"}],"wp:attachment":[{"href":"https:\/\/aysegulzengin.av.tr\/tr\/wp-json\/wp\/v2\/media?parent=19405"}],"curies":[{"name":"wp","href":"https:\/\/api.w.org\/{rel}","templated":true}]}}