{"id":19392,"date":"2023-11-06T08:58:48","date_gmt":"2023-11-06T08:58:48","guid":{"rendered":"http:\/\/v3.aysegulzengin.av.tr\/?page_id=19392"},"modified":"2023-12-13T07:52:01","modified_gmt":"2023-12-13T07:52:01","slug":"kisisel-verilerin-islenmesine-iliskin-aydinlatma-metni","status":"publish","type":"page","link":"https:\/\/aysegulzengin.av.tr\/tr\/kisisel-verilerin-islenmesine-iliskin-aydinlatma-metni\/","title":{"rendered":"K\u0130\u015e\u0130SEL VER\u0130LER\u0130N \u0130\u015eLENMES\u0130NE \u0130L\u0130\u015eK\u0130N AYDINLATMA METN\u0130"},"content":{"rendered":"\t\t<div data-elementor-type=\"wp-page\" data-elementor-id=\"19392\" class=\"elementor elementor-19392\">\n\t\t\t\t\t\t\t\t\t<section class=\"elementor-section elementor-top-section elementor-element elementor-element-7304274 elementor-section-content-middle elementor-section-boxed elementor-section-height-default elementor-section-height-default sc_fly_static\" data-id=\"7304274\" data-element_type=\"section\" data-settings=\"{&quot;background_background&quot;:&quot;classic&quot;}\">\n\t\t\t\t\t\t<div class=\"elementor-container elementor-column-gap-extended\">\n\t\t\t\t\t<div class=\"elementor-column elementor-col-100 elementor-top-column elementor-element elementor-element-8789c02 sc_inner_width_none sc_content_align_inherit sc_layouts_column_icons_position_left sc_fly_static\" data-id=\"8789c02\" data-element_type=\"column\">\n\t\t\t<div class=\"elementor-widget-wrap elementor-element-populated\">\n\t\t\t\t\t\t\t\t<div class=\"elementor-element elementor-element-57bb839 sc_fly_static elementor-widget elementor-widget-text-editor\" data-id=\"57bb839\" data-element_type=\"widget\" data-widget_type=\"text-editor.default\">\n\t\t\t\t<div class=\"elementor-widget-container\">\n\t\t\t\t\t\t\tK\u0130\u015e\u0130SEL VER\u0130LER\u0130N \u0130\u015eLENMES\u0130NE \u0130L\u0130\u015eK\u0130N AYDINLATMA METN\u0130\n\n\t\t\t\t\t\t<\/div>\n\t\t\t\t<\/div>\n\t\t\t\t<div class=\"elementor-element elementor-element-fa47612 sc_fly_static elementor-widget elementor-widget-spacer\" data-id=\"fa47612\" data-element_type=\"widget\" data-widget_type=\"spacer.default\">\n\t\t\t\t<div class=\"elementor-widget-container\">\n\t\t\t\t\t<div class=\"elementor-spacer\">\n\t\t\t<div class=\"elementor-spacer-inner\"><\/div>\n\t\t<\/div>\n\t\t\t\t<\/div>\n\t\t\t\t<\/div>\n\t\t\t\t<div class=\"elementor-element elementor-element-d2f6683 sc_fly_static elementor-widget elementor-widget-text-editor\" data-id=\"d2f6683\" data-element_type=\"widget\" data-widget_type=\"text-editor.default\">\n\t\t\t\t<div class=\"elementor-widget-container\">\n\t\t\t\t\t\t\t<p>\u0130\u015fbu ayd\u0131nlatma metni, veri sorumlusu s\u0131fat\u0131 ile hareket eden unvan\u0131, adresi ve di\u011fer ileti\u015fim bilgileri a\u015fa\u011f\u0131da belirtilen\u00a0<strong>Av.Ay\u015feg\u00fcl Zengin\u00a0<\/strong>taraf\u0131ndan, 6698 say\u0131l\u0131 Ki\u015fisel Verilerin \u0130\u015flenmesi Kanunu gere\u011fince,\u00a0<a href=\"https:\/\/aysegulzengin.av.tr\/\">https:\/\/aysegulzengin.av.tr\/<\/a>\u00a0\u00a0internet sitesi ziyaret\u00e7ilerinin ki\u015fisel verilerinin i\u015flenmesine y\u00f6nelik a\u00e7\u0131klama ve bilgilendirme amac\u0131 ile haz\u0131rlanm\u0131\u015ft\u0131r.<\/p><p>Veri sorumlusu, hukuki konularda bilgi ve tecr\u00fcbelerinin payla\u015f\u0131m\u0131 ile hukuki dan\u0131\u015fmanl\u0131k hizmeti almak isteyen ki\u015filerle ileti\u015fimi s\u0131ras\u0131nda edindi\u011fi ki\u015fisel verileri i\u015fleme amac\u0131na uygun kullanmay\u0131 ve i\u015flemi\u015f oldu\u011fu ki\u015fisel verileri maksimum seviyede dikkat ve \u00f6zen ile muhafaza etmeyi taahh\u00fct eder.<\/p><p>Veri sorumlusu taraf\u0131ndan, ziyaret etmi\u015f oldu\u011funuz internet sitesinde, hukuki makale ve bildirimler yer almakta, hukuki dan\u0131\u015fmanl\u0131k hizmeti almak isteyen ki\u015filer i\u00e7in ileti\u015fim olanaklar\u0131 sa\u011flanmakta ve veri sorumlusuna ili\u015fkin tan\u0131t\u0131c\u0131 bilgilere yer verilmektedir. Veri sorumlusu taraf\u0131ndan a\u015fa\u011f\u0131da say\u0131lan yollarla elde edilen ki\u015fisel verileriniz, i\u015flendi\u011fi ama\u00e7la ba\u011flant\u0131l\u0131 ve s\u0131n\u0131rl\u0131 olarak kullan\u0131lmaktad\u0131r.<\/p><p>Ki\u015fisel verileriniz, Av.Ay\u015feg\u00fcl Zengin taraf\u0131ndan a\u015fa\u011f\u0131da say\u0131lan yollarla i\u015flenmektedir.<\/p><ul><li><strong>Hukuki Dan\u0131\u015fmanl\u0131k Talebi<\/strong><\/li><\/ul><p>\u0130nternet sitemizin Online Dan\u0131\u015fmanl\u0131k k\u0131sm\u0131ndan yapaca\u011f\u0131n\u0131z, ihtiyac\u0131n\u0131za uygun hukuki dan\u0131\u015fmanl\u0131k talepleri s\u0131ras\u0131nda adresine \u00fcyeli\u011finiz s\u0131ras\u0131nda taraf\u0131n\u0131za ait ki\u015fisel verileriniz taraf\u0131n\u0131zca doldurulan form ile otomatik yollarla elde edilmektedir. Online hukuki dan\u0131\u015fmanl\u0131k talepleriniz s\u0131ras\u0131nda taraf\u0131m\u0131zca i\u015flenen ki\u015fisel verileriniz, ki\u015fisel verilerinizin i\u015flenme sebepleri ve saklama s\u00fcrelerine ili\u015fkin detayl\u0131 bilgiye <a href=\"https:\/\/aysegulzengin.av.tr\/online-ziyaretci-kisisel-verilerinin-islenmesine-iliskin-aydinlatma-formu\/\">https:\/\/aysegulzengin.av.tr\/online-ziyaretci-kisisel-verilerinin-islenmesine-iliskin-aydinlatma-formu\/<\/a>\u00a0adresinde yer alan ayd\u0131nlatma metninden ula\u015fabilirsiniz.<\/p><ul><li><strong>\u0130leti\u015fim<\/strong><\/li><\/ul><p><a href=\"https:\/\/aysegulzengin.av.tr\">https:\/\/aysegulzengin.av.tr<\/a>\u00a0adresinde bulunan e-posta adresine g\u00f6nderece\u011finiz e-posta ile mesaj\u0131n\u0131z i\u00e7eri\u011finde bulunan taraf\u0131n\u0131za ait ki\u015fisel verileriniz otomatik olmayan yollarla elde edilmektedir. E-posta g\u00f6nderiminiz ile taraf\u0131m\u0131zca i\u015flenen ki\u015fisel verileriniz, taraf\u0131m\u0131zdan talep etmi\u015f oldu\u011funuz bilgi, belge ve operasyonel faaliyetlerinin yerine getirilmesi, ziyaret\u00e7ilerimize ba\u015fvuru ve\/veya di\u011fer sebeplerle geri d\u00f6n\u00fc\u015f sa\u011flanabilmesi amac\u0131 ile kaydedilmektedir. Ki\u015fisel verileriniz, i\u015flendikleri ama\u00e7la ba\u011flant\u0131l\u0131 ve s\u0131n\u0131rl\u0131 olarak taraf\u0131m\u0131zca kaydedilmekte ve muhafaza edilmektedir. Taraf\u0131n\u0131za ait ki\u015fisel verileriniz, yukar\u0131da belirtilen ama\u00e7lar\u0131n yerine getirilebilmesi i\u00e7in yaz\u0131l\u0131m hizmetleri ve di\u011fer d\u0131\u015f kaynak hizmet sa\u011flay\u0131c\u0131lar\u0131, bar\u0131nd\u0131rma hizmet sa\u011flay\u0131c\u0131lar\u0131 (hosting servisleri), talep ya da mesaj\u0131n\u0131za ili\u015fkin y\u00fck\u00fcml\u00fcl\u00fcklerimizin yerine getirilmesi ve g\u00fcvenlik sebebi ile ve\/veya resmi merci ve makamlar\u0131n talebi \u00fczerine ilgili ki\u015fi ve kurumlarla payla\u015f\u0131labilir, aktar\u0131labilir ya da a\u00e7\u0131klanabilir. Taraf\u0131n\u0131za ait ki\u015fisel veriler, i\u015flenme amac\u0131n\u0131n sona ermesinden sonra, saklanmas\u0131n\u0131 gerektiren ba\u015fka bir sebep olmamas\u0131 halinde silinecektir.<\/p><ul><li><strong>\u00c7erezler<\/strong><\/li><\/ul><p>\u0130nternet sitemizden en verimli \u015fekilde faydalanabilmeniz ve kullan\u0131c\u0131 deneyiminizi geli\u015ftirebilmek i\u00e7in \u00c7erez(cookie) kullan\u0131yoruz. \u0130nternet sitemizde kulland\u0131\u011f\u0131m\u0131z \u00e7erezler, \u00e7erezler yolu ile i\u015flenen ki\u015fisel verileriniz ve \u00e7erez ayarlar\u0131na ili\u015fkin ayr\u0131nt\u0131l\u0131 bilgiye \u00c7erez Politikam\u0131zdan <a href=\"https:\/\/aysegulzengin.av.tr\/cerez-politikasi\/\">https:\/\/aysegulzengin.av.tr\/cerez-politikasi\/\u00a0<\/a> ula\u015fabilirsiniz.<\/p><p>Ki\u015fisel verileriniz ile ilgili Ki\u015fisel Verilerin Korunmas\u0131 Kanunu\u2019nun 11. maddesinde say\u0131lan haklar\u0131n\u0131z\u0131, Veri Sorumlusuna Ba\u015fvuru Usul Ve Esaslar\u0131 Hakk\u0131nda Tebli\u011f gere\u011fince \u015eirketimizin a\u015fa\u011f\u0131da belirtilen adresine posta ya da noter arac\u0131l\u0131\u011f\u0131 ile g\u00f6nderece\u011finiz yaz\u0131l\u0131 talep dilek\u00e7esi ya da kay\u0131tl\u0131 elektronik posta (KEP) adresi, g\u00fcvenli elektronik imza, mobil imza ya da taraf\u0131n\u0131zca veri sorumlusuna daha \u00f6nce bildirilen ve veri sorumlusunun sisteminde kay\u0131tl\u0131 bulunan elektronik posta adresini kullanmak suretiyle kullanabilirsiniz. Talep dilek\u00e7enizde, kimli\u011finizi tespite yarar gerekli bilgileri, yukar\u0131da say\u0131lan haklar\u0131n\u0131zdan hangisini kullanmak istedi\u011finizi ve hakk\u0131n\u0131z\u0131 kullanma gerek\u00e7elerinizi a\u00e7\u0131k ve net olarak belirtmeli ve talep dilek\u00e7eniz \u0131slak imzal\u0131 ya da elektronik imzal\u0131 olmal\u0131d\u0131r.<\/p><p>Taraf\u0131n\u0131zca yukar\u0131da say\u0131lan haklar\u0131n\u0131z\u0131 kullanmak istedi\u011finizi belirtir talebiniz, veri sorumlusuna ula\u015ft\u0131\u011f\u0131 tarihten itibaren en ge\u00e7 30(otuz) g\u00fcn i\u00e7inde incelenerek talep sahibine yaz\u0131l\u0131 olarak bilgi verilecektir. Taraf\u0131n\u0131zca talep edilen i\u015flemin ayr\u0131ca bir maliyeti gerektirmesi halinde veri sorumlusu taraf\u0131ndan Ki\u015fisel Verileri Koruma Kurulu taraf\u0131ndan belirlenen tarifede yaz\u0131l\u0131 i\u015flem \u00fccreti talep edilebilir.<\/p><p>\u0130\u015fbu ayd\u0131nlatma metni, Ki\u015fisel Verilerin Korunmas\u0131 Kanunu\u2019ndan do\u011fan y\u00fck\u00fcml\u00fcl\u00fcklerimiz ve haklar\u0131n\u0131z\u0131n ayd\u0131nlat\u0131lmas\u0131 amac\u0131yla haz\u0131rlanm\u0131\u015ft\u0131r.<\/p><p><strong>VER\u0130 SORUMLUSU:<\/strong><\/p><p><strong>Unvan: Av.AY\u015eEG\u00dcL ZENG\u0130N<\/strong><\/p><p><strong>Adres: Kaz\u0131m Dirik Mah. 296\/2 Sk. No.33 Bornova\/\u0130ZM\u0130R<\/strong><\/p><p><strong>E-posta:\u00a0info@aysegulzengin.av.tr<\/strong><\/p><p><strong>Tel:\u00a0<\/strong><strong>0.232.3350714<\/strong><\/p>\t\t\t\t\t\t<\/div>\n\t\t\t\t<\/div>\n\t\t\t\t<div class=\"elementor-element elementor-element-f2c2420 sc_height_small sc_fly_static elementor-widget elementor-widget-spacer\" data-id=\"f2c2420\" data-element_type=\"widget\" data-widget_type=\"spacer.default\">\n\t\t\t\t<div class=\"elementor-widget-container\">\n\t\t\t\t\t<div class=\"elementor-spacer\">\n\t\t\t<div class=\"elementor-spacer-inner\"><\/div>\n\t\t<\/div>\n\t\t\t\t<\/div>\n\t\t\t\t<\/div>\n\t\t\t\t\t<\/div>\n\t\t<\/div>\n\t\t\t\t\t\t\t<\/div>\n\t\t<\/section>\n\t\t\t\t\t\t\t<\/div>\n\t\t","protected":false},"excerpt":{"rendered":"<p>K\u0130\u015e\u0130SEL VER\u0130LER\u0130N \u0130\u015eLENMES\u0130NE \u0130L\u0130\u015eK\u0130N AYDINLATMA METN\u0130 \u0130\u015fbu ayd\u0131nlatma metni, veri sorumlusu s\u0131fat\u0131 ile hareket eden unvan\u0131, adresi ve di\u011fer ileti\u015fim bilgileri a\u015fa\u011f\u0131da belirtilen\u00a0Av.Ay\u015feg\u00fcl Zengin\u00a0taraf\u0131ndan, 6698 say\u0131l\u0131 Ki\u015fisel Verilerin \u0130\u015flenmesi Kanunu&hellip;<\/p>\n","protected":false},"author":1,"featured_media":0,"parent":0,"menu_order":0,"comment_status":"closed","ping_status":"closed","template":"","meta":{"footnotes":""},"class_list":["post-19392","page","type-page","status-publish","hentry"],"_links":{"self":[{"href":"https:\/\/aysegulzengin.av.tr\/tr\/wp-json\/wp\/v2\/pages\/19392","targetHints":{"allow":["GET"]}}],"collection":[{"href":"https:\/\/aysegulzengin.av.tr\/tr\/wp-json\/wp\/v2\/pages"}],"about":[{"href":"https:\/\/aysegulzengin.av.tr\/tr\/wp-json\/wp\/v2\/types\/page"}],"author":[{"embeddable":true,"href":"https:\/\/aysegulzengin.av.tr\/tr\/wp-json\/wp\/v2\/users\/1"}],"replies":[{"embeddable":true,"href":"https:\/\/aysegulzengin.av.tr\/tr\/wp-json\/wp\/v2\/comments?post=19392"}],"version-history":[{"count":26,"href":"https:\/\/aysegulzengin.av.tr\/tr\/wp-json\/wp\/v2\/pages\/19392\/revisions"}],"predecessor-version":[{"id":20761,"href":"https:\/\/aysegulzengin.av.tr\/tr\/wp-json\/wp\/v2\/pages\/19392\/revisions\/20761"}],"wp:attachment":[{"href":"https:\/\/aysegulzengin.av.tr\/tr\/wp-json\/wp\/v2\/media?parent=19392"}],"curies":[{"name":"wp","href":"https:\/\/api.w.org\/{rel}","templated":true}]}}