{"id":18863,"date":"2023-11-01T12:26:10","date_gmt":"2023-11-01T12:26:10","guid":{"rendered":"http:\/\/v3.aysegulzengin.av.tr\/?page_id=18863"},"modified":"2023-11-15T11:21:03","modified_gmt":"2023-11-15T11:21:03","slug":"basinda","status":"publish","type":"page","link":"https:\/\/aysegulzengin.av.tr\/tr\/basinda\/","title":{"rendered":"Bas\u0131nda"},"content":{"rendered":"\t\t<div data-elementor-type=\"wp-page\" data-elementor-id=\"18863\" class=\"elementor elementor-18863\">\n\t\t\t\t\t\t\t\t\t<section class=\"elementor-section elementor-top-section elementor-element elementor-element-8c98221 elementor-section-full_width scheme_light elementor-section-height-default elementor-section-height-default sc_fly_static\" data-id=\"8c98221\" data-element_type=\"section\" data-settings=\"{&quot;background_background&quot;:&quot;classic&quot;}\">\n\t\t\t\t\t\t<div class=\"elementor-container elementor-column-gap-no\">\n\t\t\t\t\t<div class=\"elementor-column elementor-col-100 elementor-top-column elementor-element elementor-element-330cbcb sc_inner_width_none sc_content_align_inherit sc_layouts_column_icons_position_left sc_fly_static\" data-id=\"330cbcb\" data-element_type=\"column\">\n\t\t\t<div class=\"elementor-widget-wrap elementor-element-populated\">\n\t\t\t\t\t\t\t\t<section class=\"elementor-section elementor-inner-section elementor-element elementor-element-f2fc0a9 elementor-section-boxed elementor-section-height-default elementor-section-height-default sc_fly_static\" data-id=\"f2fc0a9\" data-element_type=\"section\">\n\t\t\t\t\t\t<div class=\"elementor-container elementor-column-gap-extended\">\n\t\t\t\t\t<div class=\"elementor-column elementor-col-50 elementor-inner-column elementor-element elementor-element-62fa4f4 sc_inner_width_none sc_content_align_inherit sc_layouts_column_icons_position_left sc_fly_static\" data-id=\"62fa4f4\" data-element_type=\"column\">\n\t\t\t<div class=\"elementor-widget-wrap elementor-element-populated\">\n\t\t\t\t\t\t\t\t<div class=\"elementor-element elementor-element-6129988 sc_fly_static elementor-widget elementor-widget-text-editor\" data-id=\"6129988\" data-element_type=\"widget\" data-widget_type=\"text-editor.default\">\n\t\t\t\t<div class=\"elementor-widget-container\">\n\t\t\t\t\t\t\t<p>Kat\u0131ld\u0131\u011f\u0131m\u0131z t\u00fcm<br \/>etkinlikler &amp; s\u00f6yle\u015filer.<\/p>\t\t\t\t\t\t<\/div>\n\t\t\t\t<\/div>\n\t\t\t\t\t<\/div>\n\t\t<\/div>\n\t\t\t\t<div class=\"elementor-column elementor-col-50 elementor-inner-column elementor-element elementor-element-86aedc1 sc_inner_width_none sc_content_align_inherit sc_layouts_column_icons_position_left sc_fly_static\" data-id=\"86aedc1\" data-element_type=\"column\">\n\t\t\t<div class=\"elementor-widget-wrap elementor-element-populated\">\n\t\t\t\t\t\t\t\t<div class=\"elementor-element elementor-element-e0eb911 sc_fly_static elementor-widget elementor-widget-text-editor\" data-id=\"e0eb911\" data-element_type=\"widget\" data-widget_type=\"text-editor.default\">\n\t\t\t\t<div class=\"elementor-widget-container\">\n\t\t\t\t\t\t\tDijitalle\u015fen d\u00fcnyan\u0131n dijitalle\u015fen hukukuna dair bas\u0131nda yer alan t\u00fcm i\u00e7eriklerimiz ve kat\u0131ld\u0131\u011f\u0131m\u0131z etkinlikler ve s\u00f6yle\u015filere dair t\u00fcm konular.\n\n\t\t\t\t\t\t<\/div>\n\t\t\t\t<\/div>\n\t\t\t\t<div class=\"elementor-element elementor-element-7accb03 sc_fly_static elementor-widget elementor-widget-trx_sc_button\" data-id=\"7accb03\" data-element_type=\"widget\" data-widget_type=\"trx_sc_button.default\">\n\t\t\t\t<div class=\"elementor-widget-container\">\n\t\t\t<div\tclass=\"sc_item_button sc_button_wrap sc_align_left\" ><a href=\"#\" class=\"sc_button sc_button_simple sc_button_size_normal sc_button_icon_left color_style_dark\" ><\/a><\/div>\t\t<\/div>\n\t\t\t\t<\/div>\n\t\t\t\t\t<\/div>\n\t\t<\/div>\n\t\t\t\t\t\t\t<\/div>\n\t\t<\/section>\n\t\t\t\t<section class=\"elementor-section elementor-inner-section elementor-element elementor-element-ee32e23 elementor-section-boxed elementor-section-height-default elementor-section-height-default sc_fly_static\" data-id=\"ee32e23\" data-element_type=\"section\">\n\t\t\t\t\t\t<div class=\"elementor-container elementor-column-gap-extended\">\n\t\t\t\t\t<div class=\"elementor-column elementor-col-100 elementor-inner-column elementor-element elementor-element-e57dfb4 sc_inner_width_none sc_content_align_inherit sc_layouts_column_icons_position_left sc_fly_static\" data-id=\"e57dfb4\" data-element_type=\"column\">\n\t\t\t<div class=\"elementor-widget-wrap elementor-element-populated\">\n\t\t\t\t\t\t\t\t<div class=\"elementor-element elementor-element-e5a5503 scheme_default sc_style_default sc_fly_static elementor-widget elementor-widget-trx_sc_blogger\" data-id=\"e5a5503\" data-element_type=\"widget\" data-widget_type=\"trx_sc_blogger.default\">\n\t\t\t\t<div class=\"elementor-widget-container\">\n\t\t\t<div \t\tclass=\"sc_blogger scheme_default sc_blogger_default sc_blogger_default_classic_time sc_item_filters_tabs_none alignnone\" ><div class=\"sc_blogger_columns_wrap sc_item_columns sc_item_posts_container trx_addons_columns_wrap columns_padding_bottom\" ><div class=\"trx_addons_column-1_3\"><div data-post-id=\"18777\" data-item-number=\"1\" class=\"sc_blogger_item sc_item_container post_container sc_blogger_item_default sc_blogger_item_default_classic_time sc_blogger_item_odd sc_blogger_item_align_none post_format_standard sc_blogger_item_with_image sc_blogger_item_no_excerpt sc_blogger_item_on_plate sc_blogger_item_image_position_top post-18777 post type-post status-publish format-standard has-post-thumbnail hentry category-basinda\" ><div class=\"sc_blogger_item_body\"><div class=\"post_featured with_thumb hover_link sc_item_featured sc_blogger_item_featured post_featured_bg\" data-ratio=\"4:3\"><span class=\"post_thumb post_thumb_bg bg_in qwery_inline_1679209893\"><\/span>\t\t\t\t\t\t<div class=\"mask\"><\/div>\n\t\t\t\t\t\t\t\t\t<a href=\"https:\/\/aysegulzengin.av.tr\/tr\/tusiad-bu-genclikte-is-var\/\"  aria-hidden=\"true\" class=\"link\"><\/a>\r\n\t\t\t<\/div><div class=\"sc_blogger_item_content entry-content\"><div class=\"post_meta sc_blogger_item_meta post_meta_date\"><span class=\"post_meta_item post_date\"><a href=\"https:\/\/aysegulzengin.av.tr\/tr\/tusiad-bu-genclikte-is-var\/\"><b>25<\/b> \u015eub 2020<\/a><\/span><\/div><h5 class=\"sc_blogger_item_title entry-title\" data-item-number=\"1\"><a href=\"https:\/\/aysegulzengin.av.tr\/tr\/tusiad-bu-genclikte-is-var\/\" rel=\"bookmark\">T\u00dcS\u0130AD Bu Gen\u00e7likte \u0130\u015f Var!<\/a><\/h5><\/div><!-- .entry-content --><\/div><!-- .sc_blogger_item_body --><\/div><!-- .sc_blogger_item --><\/div><div class=\"trx_addons_column-1_3\"><div data-post-id=\"18833\" data-item-number=\"2\" class=\"sc_blogger_item sc_item_container post_container sc_blogger_item_default sc_blogger_item_default_classic_time sc_blogger_item_even sc_blogger_item_align_none post_format_standard sc_blogger_item_with_image sc_blogger_item_no_excerpt sc_blogger_item_on_plate sc_blogger_item_image_position_top post-18833 post type-post status-publish format-standard has-post-thumbnail hentry category-basinda category-genel category-startup-hukuku\" ><div class=\"sc_blogger_item_body\"><div class=\"post_featured with_thumb hover_link sc_item_featured sc_blogger_item_featured post_featured_bg\" data-ratio=\"4:3\"><span class=\"post_thumb post_thumb_bg bg_in qwery_inline_1414859693\"><\/span>\t\t\t\t\t\t<div class=\"mask\"><\/div>\n\t\t\t\t\t\t\t\t\t<a href=\"https:\/\/aysegulzengin.av.tr\/tr\/girisimcilere-sira-disi-egitimler\/\"  aria-hidden=\"true\" class=\"link\"><\/a>\r\n\t\t\t<\/div><div class=\"sc_blogger_item_content entry-content\"><div class=\"post_meta sc_blogger_item_meta post_meta_date\"><span class=\"post_meta_item post_date\"><a href=\"https:\/\/aysegulzengin.av.tr\/tr\/girisimcilere-sira-disi-egitimler\/\"><b>18<\/b> Oca 2020<\/a><\/span><\/div><h5 class=\"sc_blogger_item_title entry-title\" data-item-number=\"2\"><a href=\"https:\/\/aysegulzengin.av.tr\/tr\/girisimcilere-sira-disi-egitimler\/\" rel=\"bookmark\">Giri\u015fimcilere S\u0131ra D\u0131\u015f\u0131 E\u011fitimler<\/a><\/h5><\/div><!-- .entry-content --><\/div><!-- .sc_blogger_item_body --><\/div><!-- .sc_blogger_item --><\/div><div class=\"trx_addons_column-1_3\"><div data-post-id=\"18787\" data-item-number=\"3\" class=\"sc_blogger_item sc_item_container post_container sc_blogger_item_default sc_blogger_item_default_classic_time sc_blogger_item_odd sc_blogger_item_align_none post_format_standard sc_blogger_item_with_image sc_blogger_item_no_excerpt sc_blogger_item_on_plate sc_blogger_item_image_position_top post-18787 post type-post status-publish format-standard has-post-thumbnail hentry category-basinda\" ><div class=\"sc_blogger_item_body\"><div class=\"post_featured with_thumb hover_link sc_item_featured sc_blogger_item_featured post_featured_bg\" data-ratio=\"4:3\"><span class=\"post_thumb post_thumb_bg bg_in qwery_inline_1120209695\"><\/span>\t\t\t\t\t\t<div class=\"mask\"><\/div>\n\t\t\t\t\t\t\t\t\t<a href=\"https:\/\/aysegulzengin.av.tr\/tr\/tuketici-sikayet-sitelerine-kotu-haber\/\"  aria-hidden=\"true\" class=\"link\"><\/a>\r\n\t\t\t<\/div><div class=\"sc_blogger_item_content entry-content\"><div class=\"post_meta sc_blogger_item_meta post_meta_date\"><span class=\"post_meta_item post_date\"><a href=\"https:\/\/aysegulzengin.av.tr\/tr\/tuketici-sikayet-sitelerine-kotu-haber\/\"><b>12<\/b> Ara 2019<\/a><\/span><\/div><h5 class=\"sc_blogger_item_title entry-title\" data-item-number=\"3\"><a href=\"https:\/\/aysegulzengin.av.tr\/tr\/tuketici-sikayet-sitelerine-kotu-haber\/\" rel=\"bookmark\">T\u00fcketici \u015eikayet Sitelerine K\u00f6t\u00fc Haber<\/a><\/h5><\/div><!-- .entry-content --><\/div><!-- .sc_blogger_item_body --><\/div><!-- .sc_blogger_item --><\/div><div class=\"trx_addons_column-1_3\"><div data-post-id=\"18818\" data-item-number=\"4\" class=\"sc_blogger_item sc_item_container post_container sc_blogger_item_default sc_blogger_item_default_classic_time sc_blogger_item_even sc_blogger_item_align_none post_format_standard sc_blogger_item_with_image sc_blogger_item_no_excerpt sc_blogger_item_on_plate sc_blogger_item_image_position_top post-18818 post type-post status-publish format-standard has-post-thumbnail hentry category-basinda\" ><div class=\"sc_blogger_item_body\"><div class=\"post_featured with_thumb hover_link sc_item_featured sc_blogger_item_featured post_featured_bg\" data-ratio=\"4:3\"><span class=\"post_thumb post_thumb_bg bg_in qwery_inline_1429059661\"><\/span>\t\t\t\t\t\t<div class=\"mask\"><\/div>\n\t\t\t\t\t\t\t\t\t<a href=\"https:\/\/aysegulzengin.av.tr\/tr\/selcuk-universitesi-hukuk-ve-kariyer-toplulugu\/\"  aria-hidden=\"true\" class=\"link\"><\/a>\r\n\t\t\t<\/div><div class=\"sc_blogger_item_content entry-content\"><div class=\"post_meta sc_blogger_item_meta post_meta_date\"><span class=\"post_meta_item post_date\"><a href=\"https:\/\/aysegulzengin.av.tr\/tr\/selcuk-universitesi-hukuk-ve-kariyer-toplulugu\/\"><b>19<\/b> Kas 2019<\/a><\/span><\/div><h5 class=\"sc_blogger_item_title entry-title\" data-item-number=\"4\"><a href=\"https:\/\/aysegulzengin.av.tr\/tr\/selcuk-universitesi-hukuk-ve-kariyer-toplulugu\/\" rel=\"bookmark\">Sel\u00e7uk \u00dcniversitesi Hukuk ve Kariyer Toplulu\u011fu<\/a><\/h5><\/div><!-- .entry-content --><\/div><!-- .sc_blogger_item_body --><\/div><!-- .sc_blogger_item --><\/div><div class=\"trx_addons_column-1_3\"><div data-post-id=\"18824\" data-item-number=\"5\" class=\"sc_blogger_item sc_item_container post_container sc_blogger_item_default sc_blogger_item_default_classic_time sc_blogger_item_odd sc_blogger_item_align_none post_format_standard sc_blogger_item_with_image sc_blogger_item_no_excerpt sc_blogger_item_on_plate sc_blogger_item_image_position_top post-18824 post type-post status-publish format-standard has-post-thumbnail hentry category-basinda\" ><div class=\"sc_blogger_item_body\"><div class=\"post_featured with_thumb hover_link sc_item_featured sc_blogger_item_featured post_featured_bg\" data-ratio=\"4:3\"><span class=\"post_thumb post_thumb_bg bg_in qwery_inline_1126409605\"><\/span>\t\t\t\t\t\t<div class=\"mask\"><\/div>\n\t\t\t\t\t\t\t\t\t<a href=\"https:\/\/aysegulzengin.av.tr\/tr\/iste-dijital-kadinlar\/\"  aria-hidden=\"true\" class=\"link\"><\/a>\r\n\t\t\t<\/div><div class=\"sc_blogger_item_content entry-content\"><div class=\"post_meta sc_blogger_item_meta post_meta_date\"><span class=\"post_meta_item post_date\"><a href=\"https:\/\/aysegulzengin.av.tr\/tr\/iste-dijital-kadinlar\/\"><b>10<\/b> Kas 2019<\/a><\/span><\/div><h5 class=\"sc_blogger_item_title entry-title\" data-item-number=\"5\"><a href=\"https:\/\/aysegulzengin.av.tr\/tr\/iste-dijital-kadinlar\/\" rel=\"bookmark\">\u0130\u015e&#8217;te Dijital Kad\u0131nlar<\/a><\/h5><\/div><!-- .entry-content --><\/div><!-- .sc_blogger_item_body --><\/div><!-- .sc_blogger_item --><\/div><div class=\"trx_addons_column-1_3\"><div data-post-id=\"18772\" data-item-number=\"6\" class=\"sc_blogger_item sc_item_container post_container sc_blogger_item_default sc_blogger_item_default_classic_time sc_blogger_item_even sc_blogger_item_align_none post_format_standard sc_blogger_item_with_image sc_blogger_item_no_excerpt sc_blogger_item_on_plate sc_blogger_item_image_position_top post-18772 post type-post status-publish format-standard has-post-thumbnail hentry category-basinda\" ><div class=\"sc_blogger_item_body\"><div class=\"post_featured with_thumb hover_link sc_item_featured sc_blogger_item_featured post_featured_bg\" data-ratio=\"4:3\"><span class=\"post_thumb post_thumb_bg bg_in qwery_inline_452138692\"><\/span>\t\t\t\t\t\t<div class=\"mask\"><\/div>\n\t\t\t\t\t\t\t\t\t<a href=\"https:\/\/aysegulzengin.av.tr\/tr\/kvkknin-getirdigi-hukuki-ve-teknik-yukumlulukler-bilgilendirme-etkinligi\/\"  aria-hidden=\"true\" class=\"link\"><\/a>\r\n\t\t\t<\/div><div class=\"sc_blogger_item_content entry-content\"><div class=\"post_meta sc_blogger_item_meta post_meta_date\"><span class=\"post_meta_item post_date\"><a href=\"https:\/\/aysegulzengin.av.tr\/tr\/kvkknin-getirdigi-hukuki-ve-teknik-yukumlulukler-bilgilendirme-etkinligi\/\"><b>18<\/b> Eyl 2019<\/a><\/span><\/div><h5 class=\"sc_blogger_item_title entry-title\" data-item-number=\"6\"><a href=\"https:\/\/aysegulzengin.av.tr\/tr\/kvkknin-getirdigi-hukuki-ve-teknik-yukumlulukler-bilgilendirme-etkinligi\/\" rel=\"bookmark\">Kvkk&#8217;n\u0131n Getirdi\u011fi Hukuki ve Teknik Y\u00fck\u00fcml\u00fcl\u00fckler Bilgilendirme Etkinli\u011fi<\/a><\/h5><\/div><!-- .entry-content --><\/div><!-- .sc_blogger_item_body --><\/div><!-- .sc_blogger_item --><\/div><div class=\"trx_addons_column-1_3\"><div data-post-id=\"18808\" data-item-number=\"7\" class=\"sc_blogger_item sc_item_container post_container sc_blogger_item_default sc_blogger_item_default_classic_time sc_blogger_item_odd sc_blogger_item_align_none post_format_standard sc_blogger_item_with_image sc_blogger_item_no_excerpt sc_blogger_item_on_plate sc_blogger_item_image_position_top post-18808 post type-post status-publish format-standard has-post-thumbnail hentry category-basinda\" ><div class=\"sc_blogger_item_body\"><div class=\"post_featured with_thumb hover_link sc_item_featured sc_blogger_item_featured post_featured_bg\" data-ratio=\"4:3\"><span class=\"post_thumb post_thumb_bg bg_in qwery_inline_1155371392\"><\/span>\t\t\t\t\t\t<div class=\"mask\"><\/div>\n\t\t\t\t\t\t\t\t\t<a href=\"https:\/\/aysegulzengin.av.tr\/tr\/teknoparklarda-mali-uygulamalar-ve-start-up-hukuku-etkinligi\/\"  aria-hidden=\"true\" class=\"link\"><\/a>\r\n\t\t\t<\/div><div class=\"sc_blogger_item_content entry-content\"><div class=\"post_meta sc_blogger_item_meta post_meta_date\"><span class=\"post_meta_item post_date\"><a href=\"https:\/\/aysegulzengin.av.tr\/tr\/teknoparklarda-mali-uygulamalar-ve-start-up-hukuku-etkinligi\/\"><b>15<\/b> Tem 2019<\/a><\/span><\/div><h5 class=\"sc_blogger_item_title entry-title\" data-item-number=\"7\"><a href=\"https:\/\/aysegulzengin.av.tr\/tr\/teknoparklarda-mali-uygulamalar-ve-start-up-hukuku-etkinligi\/\" rel=\"bookmark\">Teknoparklarda Mali Uygulamalar ve Start-up Hukuku Etkinli\u011fi<\/a><\/h5><\/div><!-- .entry-content --><\/div><!-- .sc_blogger_item_body --><\/div><!-- .sc_blogger_item --><\/div><div class=\"trx_addons_column-1_3\"><div data-post-id=\"18829\" data-item-number=\"8\" class=\"sc_blogger_item sc_item_container post_container sc_blogger_item_default sc_blogger_item_default_classic_time sc_blogger_item_even sc_blogger_item_align_none post_format_standard sc_blogger_item_with_image sc_blogger_item_no_excerpt sc_blogger_item_on_plate sc_blogger_item_image_position_top post-18829 post type-post status-publish format-standard has-post-thumbnail hentry category-basinda\" ><div class=\"sc_blogger_item_body\"><div class=\"post_featured with_thumb hover_link sc_item_featured sc_blogger_item_featured post_featured_bg\" data-ratio=\"4:3\"><span class=\"post_thumb post_thumb_bg bg_in qwery_inline_158490387\"><\/span>\t\t\t\t\t\t<div class=\"mask\"><\/div>\n\t\t\t\t\t\t\t\t\t<a href=\"https:\/\/aysegulzengin.av.tr\/tr\/iste-dijital-kadinlar-2\/\"  aria-hidden=\"true\" class=\"link\"><\/a>\r\n\t\t\t<\/div><div class=\"sc_blogger_item_content entry-content\"><div class=\"post_meta sc_blogger_item_meta post_meta_date\"><span class=\"post_meta_item post_date\"><a href=\"https:\/\/aysegulzengin.av.tr\/tr\/iste-dijital-kadinlar-2\/\"><b>09<\/b> Nis 2018<\/a><\/span><\/div><h5 class=\"sc_blogger_item_title entry-title\" data-item-number=\"8\"><a href=\"https:\/\/aysegulzengin.av.tr\/tr\/iste-dijital-kadinlar-2\/\" rel=\"bookmark\">\u0130\u015e&#8217;te Dijital Kad\u0131nlar<\/a><\/h5><\/div><!-- .entry-content --><\/div><!-- .sc_blogger_item_body --><\/div><!-- .sc_blogger_item --><\/div><div class=\"trx_addons_column-1_3\"><div data-post-id=\"18782\" data-item-number=\"9\" class=\"sc_blogger_item sc_item_container post_container sc_blogger_item_default sc_blogger_item_default_classic_time sc_blogger_item_odd sc_blogger_item_align_none post_format_standard sc_blogger_item_with_image sc_blogger_item_no_excerpt sc_blogger_item_on_plate sc_blogger_item_image_position_top post-18782 post type-post status-publish format-standard has-post-thumbnail hentry category-basinda\" ><div class=\"sc_blogger_item_body\"><div class=\"post_featured with_thumb hover_link sc_item_featured sc_blogger_item_featured post_featured_bg\" data-ratio=\"4:3\"><span class=\"post_thumb post_thumb_bg bg_in qwery_inline_1209609901\"><\/span>\t\t\t\t\t\t<div class=\"mask\"><\/div>\n\t\t\t\t\t\t\t\t\t<a href=\"https:\/\/aysegulzengin.av.tr\/tr\/tuketici-sikayet-sitelerine-kotu-sirketlere-iyi-haber\/\"  aria-hidden=\"true\" class=\"link\"><\/a>\r\n\t\t\t<\/div><div class=\"sc_blogger_item_content entry-content\"><div class=\"post_meta sc_blogger_item_meta post_meta_date\"><span class=\"post_meta_item post_date\"><a href=\"https:\/\/aysegulzengin.av.tr\/tr\/tuketici-sikayet-sitelerine-kotu-sirketlere-iyi-haber\/\"><b>19<\/b> Oca 2016<\/a><\/span><\/div><h5 class=\"sc_blogger_item_title entry-title\" data-item-number=\"9\"><a href=\"https:\/\/aysegulzengin.av.tr\/tr\/tuketici-sikayet-sitelerine-kotu-sirketlere-iyi-haber\/\" rel=\"bookmark\">T\u00fcketici \u015eikayet Sitelerine K\u00f6t\u00fc, \u015eirketlere \u0130yi Haber<\/a><\/h5><\/div><!-- .entry-content --><\/div><!-- .sc_blogger_item_body --><\/div><!-- .sc_blogger_item --><\/div><\/div><\/div>\t\t<\/div>\n\t\t\t\t<\/div>\n\t\t\t\t<div class=\"elementor-element elementor-element-7953094 sc_fly_static elementor-widget elementor-widget-spacer\" data-id=\"7953094\" data-element_type=\"widget\" data-widget_type=\"spacer.default\">\n\t\t\t\t<div class=\"elementor-widget-container\">\n\t\t\t\t\t<div class=\"elementor-spacer\">\n\t\t\t<div class=\"elementor-spacer-inner\"><\/div>\n\t\t<\/div>\n\t\t\t\t<\/div>\n\t\t\t\t<\/div>\n\t\t\t\t\t<\/div>\n\t\t<\/div>\n\t\t\t\t\t\t\t<\/div>\n\t\t<\/section>\n\t\t\t\t\t<\/div>\n\t\t<\/div>\n\t\t\t\t\t\t\t<\/div>\n\t\t<\/section>\n\t\t\t\t\t\t\t<\/div>\n\t\t","protected":false},"excerpt":{"rendered":"<p>Kat\u0131ld\u0131\u011f\u0131m\u0131z t\u00fcmetkinlikler &amp; s\u00f6yle\u015filer. Dijitalle\u015fen d\u00fcnyan\u0131n dijitalle\u015fen hukukuna dair bas\u0131nda yer alan t\u00fcm i\u00e7eriklerimiz ve kat\u0131ld\u0131\u011f\u0131m\u0131z etkinlikler ve s\u00f6yle\u015filere dair t\u00fcm konular. 25 \u015eub 2020 T\u00dcS\u0130AD Bu Gen\u00e7likte \u0130\u015f Var!&hellip;<\/p>\n","protected":false},"author":1,"featured_media":0,"parent":0,"menu_order":0,"comment_status":"closed","ping_status":"closed","template":"","meta":{"footnotes":""},"class_list":["post-18863","page","type-page","status-publish","hentry"],"_links":{"self":[{"href":"https:\/\/aysegulzengin.av.tr\/tr\/wp-json\/wp\/v2\/pages\/18863","targetHints":{"allow":["GET"]}}],"collection":[{"href":"https:\/\/aysegulzengin.av.tr\/tr\/wp-json\/wp\/v2\/pages"}],"about":[{"href":"https:\/\/aysegulzengin.av.tr\/tr\/wp-json\/wp\/v2\/types\/page"}],"author":[{"embeddable":true,"href":"https:\/\/aysegulzengin.av.tr\/tr\/wp-json\/wp\/v2\/users\/1"}],"replies":[{"embeddable":true,"href":"https:\/\/aysegulzengin.av.tr\/tr\/wp-json\/wp\/v2\/comments?post=18863"}],"version-history":[{"count":37,"href":"https:\/\/aysegulzengin.av.tr\/tr\/wp-json\/wp\/v2\/pages\/18863\/revisions"}],"predecessor-version":[{"id":20097,"href":"https:\/\/aysegulzengin.av.tr\/tr\/wp-json\/wp\/v2\/pages\/18863\/revisions\/20097"}],"wp:attachment":[{"href":"https:\/\/aysegulzengin.av.tr\/tr\/wp-json\/wp\/v2\/media?parent=18863"}],"curies":[{"name":"wp","href":"https:\/\/api.w.org\/{rel}","templated":true}]}}