{"id":18692,"date":"2023-10-31T11:57:23","date_gmt":"2023-10-31T11:57:23","guid":{"rendered":"https:\/\/v3.aysegulzengin.av.tr\/?page_id=18692"},"modified":"2023-11-15T11:18:12","modified_gmt":"2023-11-15T11:18:12","slug":"online-danismanlik","status":"publish","type":"page","link":"https:\/\/aysegulzengin.av.tr\/tr\/online-danismanlik\/","title":{"rendered":"Online Dan\u0131\u015fmanl\u0131k"},"content":{"rendered":"\t\t<div data-elementor-type=\"wp-page\" data-elementor-id=\"18692\" class=\"elementor elementor-18692\">\n\t\t\t\t\t\t\t\t\t<section class=\"elementor-section elementor-top-section elementor-element elementor-element-7304274 elementor-section-content-middle elementor-section-boxed elementor-section-height-default elementor-section-height-default sc_fly_static\" data-id=\"7304274\" data-element_type=\"section\" data-settings=\"{&quot;background_background&quot;:&quot;classic&quot;}\">\n\t\t\t\t\t\t<div class=\"elementor-container elementor-column-gap-extended\">\n\t\t\t\t\t<div class=\"elementor-column elementor-col-100 elementor-top-column elementor-element elementor-element-8789c02 sc_inner_width_none sc_content_align_inherit sc_layouts_column_icons_position_left sc_fly_static\" data-id=\"8789c02\" data-element_type=\"column\">\n\t\t\t<div class=\"elementor-widget-wrap elementor-element-populated\">\n\t\t\t\t\t\t\t\t<div class=\"elementor-element elementor-element-d2f6683 sc_fly_static elementor-widget elementor-widget-text-editor\" data-id=\"d2f6683\" data-element_type=\"widget\" data-widget_type=\"text-editor.default\">\n\t\t\t\t<div class=\"elementor-widget-container\">\n\t\t\t\t\t\t\t<p>\u00c7al\u0131\u015fma alanlar\u0131m\u0131zda online dan\u0131\u015fmanl\u0131k almak i\u00e7in<em><strong><a href=\"https:\/\/online.forms.app\/avaysegulzengin\/danismanlik\"> bu formu<\/a><\/strong><\/em> doldurabilirsiniz. Formun bize ula\u015fmas\u0131ndan hemen sonra sizinle ileti\u015fime ge\u00e7erek dan\u0131\u015fmanl\u0131k \u00fccreti ve uygun online toplant\u0131 tarihleri hakk\u0131nda sizi bilgilendirece\u011fiz.<\/p>\t\t\t\t\t\t<\/div>\n\t\t\t\t<\/div>\n\t\t\t\t\t<\/div>\n\t\t<\/div>\n\t\t\t\t\t\t\t<\/div>\n\t\t<\/section>\n\t\t\t\t<section class=\"elementor-section elementor-top-section elementor-element elementor-element-3af538b elementor-section-stretched scheme_default elementor-section-boxed elementor-section-height-default elementor-section-height-default sc_fly_static\" data-id=\"3af538b\" data-element_type=\"section\" data-settings=\"{&quot;stretch_section&quot;:&quot;section-stretched&quot;,&quot;background_background&quot;:&quot;classic&quot;}\">\n\t\t\t\t\t\t<div class=\"elementor-container elementor-column-gap-extended\">\n\t\t\t\t\t<div class=\"elementor-column elementor-col-100 elementor-top-column elementor-element elementor-element-130e8e9 sc_inner_width_none sc_content_align_inherit sc_layouts_column_icons_position_left sc_fly_static\" data-id=\"130e8e9\" data-element_type=\"column\">\n\t\t\t<div class=\"elementor-widget-wrap elementor-element-populated\">\n\t\t\t\t\t\t\t\t<div class=\"elementor-element elementor-element-57f8bbd sc_fly_static elementor-widget elementor-widget-text-editor\" data-id=\"57f8bbd\" data-element_type=\"widget\" data-widget_type=\"text-editor.default\">\n\t\t\t\t<div class=\"elementor-widget-container\">\n\t\t\t\t\t\t\t\u00c7ALI\u015eMA ALANLARIMIZ\n\t\t\t\t\t\t<\/div>\n\t\t\t\t<\/div>\n\t\t\t\t<div class=\"elementor-element elementor-element-8ac5217 sc_fly_static elementor-widget elementor-widget-trx_sc_services\" data-id=\"8ac5217\" data-element_type=\"widget\" data-widget_type=\"trx_sc_services.default\">\n\t\t\t\t<div class=\"elementor-widget-container\">\n\t\t\t<div class=\"sc_services color_style_link2 sc_services_extra sc_services_featured_top\"><div class=\"sc_services_columns_wrap sc_item_columns sc_item_posts_container sc_item_columns_3 trx_addons_columns_wrap columns_padding_bottom columns_in_single_row\"><div class=\"trx_addons_column-1_3\"><div data-post-id=\"19405\" class=\"sc_services_item sc_item_container post_container without_content with_more with_image sc_services_item_featured_none post-19405 page type-page status-publish has-post-thumbnail hentry\">\r\n\t\t<div class=\"sc_services_item_content\" style=\"background-image: url(https:\/\/aysegulzengin.av.tr\/wp-content\/uploads\/2023\/11\/startup-840x1260.jpg);\">\r\n\t\t\t\t<div class=\"sc_services_item_content_inner\"><div class=\"sc_services_item_content_inner_bottom\">\r\n                <h6 class=\"sc_services_item_title\"><a href=\"https:\/\/aysegulzengin.av.tr\/tr\/startup-hukuku\/\">Startup Hukuku<\/a><\/h6>\r\n                <div class=\"sc_services_item_button sc_item_button\">\r\n                    <a href=\"https:\/\/aysegulzengin.av.tr\/tr\/startup-hukuku\/\" class=\"sc_services_item_more_link\">\r\n                        <span class=\"link_text\">Read More<\/span><span class=\"link_icon\"><\/span>\r\n                    <\/a>\r\n                    <\/div><\/div><\/div><a class=\"sc_services_item_link\" href=\"https:\/\/aysegulzengin.av.tr\/tr\/startup-hukuku\/\"><\/a><\/div><\/div><\/div><div class=\"trx_addons_column-1_3\"><div data-post-id=\"19414\" class=\"sc_services_item sc_item_container post_container without_content with_more with_image sc_services_item_featured_none post-19414 page type-page status-publish has-post-thumbnail hentry\">\r\n\t\t<div class=\"sc_services_item_content\" style=\"background-image: url(https:\/\/aysegulzengin.av.tr\/wp-content\/uploads\/2023\/11\/online-fashion-shopping-collage-840x1065.jpg);\">\r\n\t\t\t\t<div class=\"sc_services_item_content_inner\"><div class=\"sc_services_item_content_inner_bottom\">\r\n                <h6 class=\"sc_services_item_title\"><a href=\"https:\/\/aysegulzengin.av.tr\/tr\/e-ticaret-hukuku\/\">E-Ticaret Hukuku<\/a><\/h6>\r\n                <div class=\"sc_services_item_button sc_item_button\">\r\n                    <a href=\"https:\/\/aysegulzengin.av.tr\/tr\/e-ticaret-hukuku\/\" class=\"sc_services_item_more_link\">\r\n                        <span class=\"link_text\">Read More<\/span><span class=\"link_icon\"><\/span>\r\n                    <\/a>\r\n                    <\/div><\/div><\/div><a class=\"sc_services_item_link\" href=\"https:\/\/aysegulzengin.av.tr\/tr\/e-ticaret-hukuku\/\"><\/a><\/div><\/div><\/div><div class=\"trx_addons_column-1_3\"><div data-post-id=\"19432\" class=\"sc_services_item sc_item_container post_container without_content with_more with_image sc_services_item_featured_none post-19432 page type-page status-publish has-post-thumbnail hentry\">\r\n\t\t<div class=\"sc_services_item_content\" style=\"background-image: url(https:\/\/aysegulzengin.av.tr\/wp-content\/uploads\/2023\/11\/kvkk-840x1260.jpg);\">\r\n\t\t\t\t<div class=\"sc_services_item_content_inner\"><div class=\"sc_services_item_content_inner_bottom\">\r\n                <h6 class=\"sc_services_item_title\"><a href=\"https:\/\/aysegulzengin.av.tr\/tr\/kisisel-verilerin-korunmasi\/\">Ki\u015fisel Verilerin Korunmas\u0131<\/a><\/h6>\r\n                <div class=\"sc_services_item_button sc_item_button\">\r\n                    <a href=\"https:\/\/aysegulzengin.av.tr\/tr\/kisisel-verilerin-korunmasi\/\" class=\"sc_services_item_more_link\">\r\n                        <span class=\"link_text\">Read More<\/span><span class=\"link_icon\"><\/span>\r\n                    <\/a>\r\n                    <\/div><\/div><\/div><a class=\"sc_services_item_link\" href=\"https:\/\/aysegulzengin.av.tr\/tr\/kisisel-verilerin-korunmasi\/\"><\/a><\/div><\/div><\/div><\/div><\/div>\t\t<\/div>\n\t\t\t\t<\/div>\n\t\t\t\t<div class=\"elementor-element elementor-element-ca9dc4c sc_height_small sc_fly_static elementor-widget elementor-widget-spacer\" data-id=\"ca9dc4c\" data-element_type=\"widget\" data-widget_type=\"spacer.default\">\n\t\t\t\t<div class=\"elementor-widget-container\">\n\t\t\t\t\t<div class=\"elementor-spacer\">\n\t\t\t<div class=\"elementor-spacer-inner\"><\/div>\n\t\t<\/div>\n\t\t\t\t<\/div>\n\t\t\t\t<\/div>\n\t\t\t\t\t<\/div>\n\t\t<\/div>\n\t\t\t\t\t\t\t<\/div>\n\t\t<\/section>\n\t\t\t\t\t\t\t<\/div>\n\t\t","protected":false},"excerpt":{"rendered":"<p>\u00c7al\u0131\u015fma alanlar\u0131m\u0131zda online dan\u0131\u015fmanl\u0131k almak i\u00e7in bu formu doldurabilirsiniz. Formun bize ula\u015fmas\u0131ndan hemen sonra sizinle ileti\u015fime ge\u00e7erek dan\u0131\u015fmanl\u0131k \u00fccreti ve uygun online toplant\u0131 tarihleri hakk\u0131nda sizi bilgilendirece\u011fiz. \u00c7ALI\u015eMA ALANLARIMIZ Startup&hellip;<\/p>\n","protected":false},"author":1,"featured_media":0,"parent":0,"menu_order":0,"comment_status":"closed","ping_status":"closed","template":"","meta":{"footnotes":""},"class_list":["post-18692","page","type-page","status-publish","hentry"],"_links":{"self":[{"href":"https:\/\/aysegulzengin.av.tr\/tr\/wp-json\/wp\/v2\/pages\/18692","targetHints":{"allow":["GET"]}}],"collection":[{"href":"https:\/\/aysegulzengin.av.tr\/tr\/wp-json\/wp\/v2\/pages"}],"about":[{"href":"https:\/\/aysegulzengin.av.tr\/tr\/wp-json\/wp\/v2\/types\/page"}],"author":[{"embeddable":true,"href":"https:\/\/aysegulzengin.av.tr\/tr\/wp-json\/wp\/v2\/users\/1"}],"replies":[{"embeddable":true,"href":"https:\/\/aysegulzengin.av.tr\/tr\/wp-json\/wp\/v2\/comments?post=18692"}],"version-history":[{"count":103,"href":"https:\/\/aysegulzengin.av.tr\/tr\/wp-json\/wp\/v2\/pages\/18692\/revisions"}],"predecessor-version":[{"id":20091,"href":"https:\/\/aysegulzengin.av.tr\/tr\/wp-json\/wp\/v2\/pages\/18692\/revisions\/20091"}],"wp:attachment":[{"href":"https:\/\/aysegulzengin.av.tr\/tr\/wp-json\/wp\/v2\/media?parent=18692"}],"curies":[{"name":"wp","href":"https:\/\/api.w.org\/{rel}","templated":true}]}}